{"id":5752,"date":"2018-10-22T13:48:34","date_gmt":"2018-10-22T13:48:34","guid":{"rendered":"https:\/\/www.ekko-wp.com\/?page_id=5752"},"modified":"2024-12-18T08:53:08","modified_gmt":"2024-12-18T08:53:08","slug":"contact-inefzawa","status":"publish","type":"page","link":"https:\/\/gie.nefzawa.net\/fr\/contact-inefzawa\/","title":{"rendered":"Contact"},"content":{"rendered":"<div class=\"wpb-content-wrapper\"><div data-vc-full-width=\"true\" data-vc-full-width-init=\"false\" class=\"vc_row wpb_row vc_row-fluid vc_custom_1605801327239 vc_custom_1605801327240 vc_row-has-padding-top vc_row-has-padding-bottom vc_row-bg-position-top\"><div class=\"wpb_column vc_column_container vc_col-sm-12\"><div class=\"vc_column-inner\"><div class=\"wpb_wrapper\"><div class=\"vc_row wpb_row vc_inner vc_row-fluid vc_row-bg-position-top vc_row-o-content-middle vc_row-flex\"><div class=\"wpb_column vc_column_container vc_col-sm-6 vc_col-lg-6 vc_col-md-12\"><div class=\"vc_column-inner vc_custom_1600784379181 vc_custom_1600784379181 vc_custom_1600784379182 vc_custom_1600784379182\"><div class=\"wpb_wrapper\"><div  class=\"vc_toggle vc_toggle_default vc_toggle_color_default  vc_toggle_size_md vc_toggle_active   wpb_animate_when_almost_visible wpb_fadeInUp fadeInUp\"><div class=\"vc_toggle_title\"><h4>How can I get in touch with GIE NEFZAWA for assistance<\/h4><i class=\"vc_toggle_icon\"><\/i><\/div><div class=\"vc_toggle_content\"><p>You can contact us by filling out the form on this page or by using the contact information provided below. Our team is dedicated to assisting you with any inquiries or assistance you may need regarding our products, services, or partnership opportunities.<\/p>\n<\/div><\/div><div  class=\"vc_toggle vc_toggle_default vc_toggle_color_default  vc_toggle_size_md    wpb_animate_when_almost_visible wpb_fadeInUp fadeInUp\"><div class=\"vc_toggle_title\"><h4>What are your operating hours for customer support<\/h4><i class=\"vc_toggle_icon\"><\/i><\/div><div class=\"vc_toggle_content\"><p>Our customer support team is available to assist you during our regular operating hours, which are Week Days 08:00 &#8211; 17:00, Saturday 08:00 &#8211; 16:00 and Sunday Day Off. Please note that inquiries submitted outside of these hours will be addressed promptly during the next available business day.<\/p>\n<\/div><\/div><div  class=\"vc_toggle vc_toggle_default vc_toggle_color_default  vc_toggle_size_md    wpb_animate_when_almost_visible wpb_fadeInUp fadeInUp\"><div class=\"vc_toggle_title\"><h4>How long it takes typically to receive a response to my inquiry<\/h4><i class=\"vc_toggle_icon\"><\/i><\/div><div class=\"vc_toggle_content\"><p>We strive to respond to all inquiries as quickly as possible. Typically, you can expect to receive a response within 24-Hours during our regular operating hours. Rest assured, we value your inquiry and will do our best to address it promptly.<\/p>\n<\/div><\/div><div  class=\"vc_toggle vc_toggle_default vc_toggle_color_default  vc_toggle_size_md    wpb_animate_when_almost_visible wpb_fadeInUp fadeInUp\"><div class=\"vc_toggle_title\"><h4>Is there a physical location where I can visit GIE NEFZAWA or speak with a representative in person<\/h4><i class=\"vc_toggle_icon\"><\/i><\/div><div class=\"vc_toggle_content\"><p>While GIE NEFZAWA primarily operates online, we understand the importance of personal interaction. Please contact us to schedule an appointment if you wish to meet with a representative in person. Additionally, we participate in various industry events and exhibitions where you may have the opportunity to meet us in person.<\/p>\n<\/div><\/div><\/div><\/div><\/div><div class=\"with-shadow wpb_column vc_column_container vc_col-sm-6 vc_col-lg-6 vc_col-md-12 vc_col-has-fill\"><div class=\"vc_column-inner vc_custom_1600784305508 vc_custom_1600784305508 vc_custom_1600784305509 vc_custom_1600784305509\"><div class=\"wpb_wrapper\"><header class=\"kd-section-title col-lg-12 text-center  subtitle-below-title kd-animated fadeIn   vc_custom_1708873284731\" data-animation-delay=\"200\"><h4 class=\"separator_off\" >Have a question or need assistance?<\/h4><h6 class=\"subtitle\" style=\"font-size:15px;\">Fill out the form below, and our team will get back to you promptly.<\/h6><\/header><div class=\"kd-contact-form full-width-cf  cf-with-border   kd-animated fadeIn\" data-animation-delay=\"400\">\n<div class=\"wpcf7 no-js\" id=\"wpcf7-f8644-o1\" lang=\"en-US\" dir=\"ltr\" data-wpcf7-id=\"8644\">\n<div class=\"screen-reader-response\"><p role=\"status\" aria-live=\"polite\" aria-atomic=\"true\"><\/p> <ul><\/ul><\/div>\n<form action=\"\/fr\/wp-json\/wp\/v2\/pages\/5752#wpcf7-f8644-o1\" method=\"post\" class=\"wpcf7-form init\" aria-label=\"Contact form\" novalidate=\"novalidate\" data-status=\"init\" data-trp-original-action=\"\/fr\/wp-json\/wp\/v2\/pages\/5752#wpcf7-f8644-o1\">\n<fieldset class=\"hidden-fields-container\"><input type=\"hidden\" name=\"_wpcf7\" value=\"8644\" \/><input type=\"hidden\" name=\"_wpcf7_version\" value=\"6.1.1\" \/><input type=\"hidden\" name=\"_wpcf7_locale\" value=\"en_US\" \/><input type=\"hidden\" name=\"_wpcf7_unit_tag\" value=\"wpcf7-f8644-o1\" \/><input type=\"hidden\" name=\"_wpcf7_container_post\" value=\"0\" \/><input type=\"hidden\" name=\"_wpcf7_posted_data_hash\" value=\"\" \/>\n<\/fieldset>\n<p><span class=\"wpcf7-form-control-wrap\" data-name=\"your-name\"><input size=\"40\" maxlength=\"400\" class=\"wpcf7-form-control wpcf7-text wpcf7-validates-as-required\" aria-required=\"true\" aria-invalid=\"false\" placeholder=\"Enter your name\" value=\"\" type=\"text\" name=\"your-name\" \/><\/span><br \/>\n<span class=\"wpcf7-form-control-wrap\" data-name=\"your-email\"><input size=\"40\" maxlength=\"400\" class=\"wpcf7-form-control wpcf7-email wpcf7-validates-as-required wpcf7-text wpcf7-validates-as-email\" aria-required=\"true\" aria-invalid=\"false\" placeholder=\"Enter your email\" value=\"\" type=\"email\" name=\"your-email\" \/><\/span><br \/>\n<span class=\"wpcf7-form-control-wrap\" data-name=\"your-message\"><textarea cols=\"40\" rows=\"10\" maxlength=\"2000\" class=\"wpcf7-form-control wpcf7-textarea\" aria-invalid=\"false\" placeholder=\"Your message\" name=\"your-message\"><\/textarea><\/span><br \/>\n<input class=\"wpcf7-form-control wpcf7-submit has-spinner\" type=\"submit\" value=\"Submit\" \/>\n<\/p><div class=\"wpcf7-response-output\" aria-hidden=\"true\"><\/div>\n<input type=\"hidden\" name=\"trp-form-language\" value=\"fr\"\/><\/form>\n<\/div>\n<\/div><\/div><\/div><\/div><\/div><\/div><\/div><\/div><\/div><div class=\"vc_row-full-width vc_clearfix\"><\/div><div data-vc-full-width=\"true\" data-vc-full-width-init=\"false\" data-vc-stretch-content=\"true\" class=\"vc_row wpb_row vc_row-fluid vc_row-no-padding vc_row-bg-position-top vc_row-main-color-overlay vc_row-o-content-middle vc_row-flex\"><div class=\"wpb_column vc_column_container vc_col-sm-6 vc_col-lg-6 vc_col-md-12\"><div class=\"vc_column-inner vc_custom_1522242793531\"><div class=\"wpb_wrapper\">\n\t<div class=\"wpb_raw_code wpb_content_element wpb_raw_html\" >\n\t\t<div class=\"wpb_wrapper\">\n\t\t\t<iframe src=\"https:\/\/www.google.com\/maps\/embed?pb=!1m18!1m12!1m3!1d3318.771512010479!2d8.973157999999998!3d33.7148608!2m3!1f0!2f0!3f0!3m2!1i1024!2i768!4f13.1!3m3!1m2!1s0x12566e70543f22c1%3A0xe29fe13e4474e023!2sNefzawa!5e0!3m2!1sen!2stn!4v1708947559900!5m2!1sen!2stn\" width=\"100%\" height=\"500px\" style=\"border:0;\" allowfullscreen=\"\" loading=\"lazy\" referrerpolicy=\"no-referrer-when-downgrade\"><\/iframe>\n\t\t<\/div>\n\t<\/div>\n<\/div><\/div><\/div><div class=\"wpb_column vc_column_container vc_col-sm-6 vc_col-lg-6 vc_col-md-12\"><div class=\"vc_column-inner vc_custom_1598451985596  vc_custom_1598451985597 vc_custom_1598451985597\"><div class=\"wpb_wrapper\"><div class=\"vc_row wpb_row vc_inner vc_row-fluid vc_row-bg-position-top vc_row-o-content-middle vc_row-flex\"><div class=\"wpb_column vc_column_container vc_col-sm-7\"><div class=\"vc_column-inner\"><div class=\"wpb_wrapper\"><div class=\"key-icon-box icon-default icon-left cont-left ib-no-effect     icon-no-background icon-with-border kd-animated fadeIn\" style=\"background-color: transparent;margin-bottom:40px;\" ><div class=\"ib-icon-wrapper\" style=\"border: 1px solid #bebffc;\"><i class=\"iconsmind-Map-Marker iconsmind-Maps-Locations\" style=\"font-size: 22px;font-weight: 700;\"><\/i> <\/div><h6 class=\"service-heading\" >Rue Gab\u00e8s, K\u00e9bili, Tunisie<\/h6><p >D\u00e9couvrez notre oasis de durabilit\u00e9 nich\u00e9e dans les rues anim\u00e9es de K\u00e9bili.<\/p><\/div><div class=\"key-icon-box icon-default icon-left cont-left ib-no-effect     icon-no-background icon-with-border kd-animated fadeIn\" style=\"background-color: transparent;margin-bottom:40px;\" data-animation-delay=\"200\"><div class=\"ib-icon-wrapper\" style=\"border: 1px solid #bebffc;\"><i class=\"iconsmind-Speach-Bubble iconsmind-Speech-Bubbles\" style=\"font-size: 22px;font-weight: 700;\"><\/i> <\/div><h6 class=\"service-heading\" >+216 29 976 405<\/h6><p >Contactez-nous directement pour une assistance rapide et personnalis\u00e9e.<\/p><\/div><div class=\"key-icon-box icon-default icon-left cont-left ib-no-effect     icon-no-background icon-with-border kd-animated fadeIn\" style=\"background-color: transparent;\" data-animation-delay=\"400\"><div class=\"ib-icon-wrapper\" style=\"border: 1px solid #bebffc;\"><i class=\"iconsmind-Envelope-2 iconsmind-Emails\" style=\"font-size: 22px;font-weight: 700;\"><\/i> <\/div><h6 class=\"service-heading\" >contact@nefzawa.net<\/h6><p >Connectez-vous avec nous par e-mail pour explorer les opportunit\u00e9s de partenariat et plus encore.<\/p><\/div><\/div><\/div><\/div><div class=\"wpb_column vc_column_container vc_col-sm-5 vc_hidden-md vc_hidden-sm vc_hidden-xs\"><div class=\"vc_column-inner\"><div class=\"wpb_wrapper\"><\/div><\/div><\/div><\/div><\/div><\/div><\/div><\/div><div class=\"vc_row-full-width vc_clearfix\"><\/div>\n<\/div>","protected":false},"excerpt":{"rendered":"How can I get in [...]","protected":false},"author":1,"featured_media":10263,"parent":0,"menu_order":0,"comment_status":"closed","ping_status":"closed","template":"","meta":{"_acf_changed":false,"footnotes":""},"class_list":["post-5752","page","type-page","status-publish","has-post-thumbnail","hentry"],"acf":[],"yoast_head":"<!-- This site is optimized with the Yoast SEO plugin v25.8 - https:\/\/yoast.com\/wordpress\/plugins\/seo\/ -->\n<title>Contact - gie \u00e0 votre \u00e9coute<\/title>\n<meta name=\"description\" content=\"Vous avez des questions sur nos produits ou souhaitez nous contacter ? Inefzawa se tient \u00e0 votre disposition. D\u00e9couvrez nos coordonn\u00e9es et n&#039;h\u00e9sitez pas \u00e0 nous laisser un message.\" \/>\n<meta name=\"robots\" content=\"index, follow, max-snippet:-1, max-image-preview:large, max-video-preview:-1\" \/>\n<link rel=\"canonical\" href=\"https:\/\/gie.nefzawa.net\/fr\/contact-inefzawa\/\" \/>\n<meta property=\"og:locale\" content=\"fr_FR\" \/>\n<meta property=\"og:type\" content=\"article\" \/>\n<meta property=\"og:title\" content=\"Contact - gie \u00e0 votre \u00e9coute\" \/>\n<meta property=\"og:description\" content=\"Vous avez des questions sur nos produits ou souhaitez nous contacter ? Inefzawa se tient \u00e0 votre disposition. D\u00e9couvrez nos coordonn\u00e9es et n&#039;h\u00e9sitez pas \u00e0 nous laisser un message.\" \/>\n<meta property=\"og:url\" content=\"https:\/\/gie.nefzawa.net\/fr\/contact-inefzawa\/\" \/>\n<meta property=\"og:site_name\" content=\"gie\" \/>\n<meta property=\"article:publisher\" content=\"https:\/\/www.facebook.com\/Nefzaawa\/\" \/>\n<meta property=\"article:modified_time\" content=\"2024-12-18T08:53:08+00:00\" \/>\n<meta property=\"og:image\" content=\"https:\/\/gie.nefzawa.net\/wp-content\/uploads\/2024\/12\/baniere-gie.png\" \/>\n\t<meta property=\"og:image:width\" content=\"1936\" \/>\n\t<meta property=\"og:image:height\" content=\"432\" \/>\n\t<meta property=\"og:image:type\" content=\"image\/png\" \/>\n<meta name=\"twitter:card\" content=\"summary_large_image\" \/>\n<meta name=\"twitter:label1\" content=\"Dur\u00e9e de lecture estim\u00e9e\" \/>\n\t<meta name=\"twitter:data1\" content=\"4 minutes\" \/>\n<script type=\"application\/ld+json\" class=\"yoast-schema-graph\">{\"@context\":\"https:\/\/schema.org\",\"@graph\":[{\"@type\":\"WebPage\",\"@id\":\"https:\/\/gie.nefzawa.net\/contact-inefzawa\/\",\"url\":\"https:\/\/gie.nefzawa.net\/contact-inefzawa\/\",\"name\":\"Contact - gie \u00e0 votre \u00e9coute\",\"isPartOf\":{\"@id\":\"https:\/\/gie.nefzawa.net\/#website\"},\"primaryImageOfPage\":{\"@id\":\"https:\/\/gie.nefzawa.net\/contact-inefzawa\/#primaryimage\"},\"image\":{\"@id\":\"https:\/\/gie.nefzawa.net\/contact-inefzawa\/#primaryimage\"},\"thumbnailUrl\":\"https:\/\/gie.nefzawa.net\/wp-content\/uploads\/2024\/12\/baniere-gie.png\",\"datePublished\":\"2018-10-22T13:48:34+00:00\",\"dateModified\":\"2024-12-18T08:53:08+00:00\",\"description\":\"Vous avez des questions sur nos produits ou souhaitez nous contacter ? Inefzawa se tient \u00e0 votre disposition. D\u00e9couvrez nos coordonn\u00e9es et n'h\u00e9sitez pas \u00e0 nous laisser un message.\",\"breadcrumb\":{\"@id\":\"https:\/\/gie.nefzawa.net\/contact-inefzawa\/#breadcrumb\"},\"inLanguage\":\"fr-FR\",\"potentialAction\":[{\"@type\":\"ReadAction\",\"target\":[\"https:\/\/gie.nefzawa.net\/contact-inefzawa\/\"]}]},{\"@type\":\"ImageObject\",\"inLanguage\":\"fr-FR\",\"@id\":\"https:\/\/gie.nefzawa.net\/contact-inefzawa\/#primaryimage\",\"url\":\"https:\/\/gie.nefzawa.net\/wp-content\/uploads\/2024\/12\/baniere-gie.png\",\"contentUrl\":\"https:\/\/gie.nefzawa.net\/wp-content\/uploads\/2024\/12\/baniere-gie.png\",\"width\":1936,\"height\":432},{\"@type\":\"BreadcrumbList\",\"@id\":\"https:\/\/gie.nefzawa.net\/contact-inefzawa\/#breadcrumb\",\"itemListElement\":[{\"@type\":\"ListItem\",\"position\":1,\"name\":\"Home\",\"item\":\"https:\/\/gie.nefzawa.net\/\"},{\"@type\":\"ListItem\",\"position\":2,\"name\":\"Contact\"}]},{\"@type\":\"WebSite\",\"@id\":\"https:\/\/gie.nefzawa.net\/#website\",\"url\":\"https:\/\/gie.nefzawa.net\/\",\"name\":\"inefzawa\",\"description\":\"Let&#039;s empower palm communities\",\"publisher\":{\"@id\":\"https:\/\/gie.nefzawa.net\/#organization\"},\"potentialAction\":[{\"@type\":\"SearchAction\",\"target\":{\"@type\":\"EntryPoint\",\"urlTemplate\":\"https:\/\/gie.nefzawa.net\/?s={search_term_string}\"},\"query-input\":{\"@type\":\"PropertyValueSpecification\",\"valueRequired\":true,\"valueName\":\"search_term_string\"}}],\"inLanguage\":\"fr-FR\"},{\"@type\":\"Organization\",\"@id\":\"https:\/\/gie.nefzawa.net\/#organization\",\"name\":\"inefzawa\",\"url\":\"https:\/\/gie.nefzawa.net\/\",\"logo\":{\"@type\":\"ImageObject\",\"inLanguage\":\"fr-FR\",\"@id\":\"https:\/\/gie.nefzawa.net\/#\/schema\/logo\/image\/\",\"url\":\"https:\/\/gie.nefzawa.net\/wp-content\/uploads\/2024\/02\/logo_inefzawa-final.png\",\"contentUrl\":\"https:\/\/gie.nefzawa.net\/wp-content\/uploads\/2024\/02\/logo_inefzawa-final.png\",\"width\":913,\"height\":182,\"caption\":\"inefzawa\"},\"image\":{\"@id\":\"https:\/\/gie.nefzawa.net\/#\/schema\/logo\/image\/\"},\"sameAs\":[\"https:\/\/www.facebook.com\/Nefzaawa\/\",\"https:\/\/www.instagram.com\/nefzawa_\/?igshid=YmMyMTA2M2Y\"]}]}<\/script>\n<!-- \/ Yoast SEO plugin. -->","yoast_head_json":{"title":"Contact - gie \u00e0 votre \u00e9coute","description":"Vous avez des questions sur nos produits ou souhaitez nous contacter ? Inefzawa se tient \u00e0 votre disposition. D\u00e9couvrez nos coordonn\u00e9es et n'h\u00e9sitez pas \u00e0 nous laisser un message.","robots":{"index":"index","follow":"follow","max-snippet":"max-snippet:-1","max-image-preview":"max-image-preview:large","max-video-preview":"max-video-preview:-1"},"canonical":"https:\/\/gie.nefzawa.net\/fr\/contact-inefzawa\/","og_locale":"fr_FR","og_type":"article","og_title":"Contact - gie \u00e0 votre \u00e9coute","og_description":"Vous avez des questions sur nos produits ou souhaitez nous contacter ? Inefzawa se tient \u00e0 votre disposition. D\u00e9couvrez nos coordonn\u00e9es et n'h\u00e9sitez pas \u00e0 nous laisser un message.","og_url":"https:\/\/gie.nefzawa.net\/fr\/contact-inefzawa\/","og_site_name":"gie","article_publisher":"https:\/\/www.facebook.com\/Nefzaawa\/","article_modified_time":"2024-12-18T08:53:08+00:00","og_image":[{"width":1936,"height":432,"url":"https:\/\/gie.nefzawa.net\/wp-content\/uploads\/2024\/12\/baniere-gie.png","type":"image\/png"}],"twitter_card":"summary_large_image","twitter_misc":{"Dur\u00e9e de lecture estim\u00e9e":"4 minutes"},"schema":{"@context":"https:\/\/schema.org","@graph":[{"@type":"WebPage","@id":"https:\/\/gie.nefzawa.net\/contact-inefzawa\/","url":"https:\/\/gie.nefzawa.net\/contact-inefzawa\/","name":"Contact - gie \u00e0 votre \u00e9coute","isPartOf":{"@id":"https:\/\/gie.nefzawa.net\/#website"},"primaryImageOfPage":{"@id":"https:\/\/gie.nefzawa.net\/contact-inefzawa\/#primaryimage"},"image":{"@id":"https:\/\/gie.nefzawa.net\/contact-inefzawa\/#primaryimage"},"thumbnailUrl":"https:\/\/gie.nefzawa.net\/wp-content\/uploads\/2024\/12\/baniere-gie.png","datePublished":"2018-10-22T13:48:34+00:00","dateModified":"2024-12-18T08:53:08+00:00","description":"Vous avez des questions sur nos produits ou souhaitez nous contacter ? Inefzawa se tient \u00e0 votre disposition. D\u00e9couvrez nos coordonn\u00e9es et n'h\u00e9sitez pas \u00e0 nous laisser un message.","breadcrumb":{"@id":"https:\/\/gie.nefzawa.net\/contact-inefzawa\/#breadcrumb"},"inLanguage":"fr-FR","potentialAction":[{"@type":"ReadAction","target":["https:\/\/gie.nefzawa.net\/contact-inefzawa\/"]}]},{"@type":"ImageObject","inLanguage":"fr-FR","@id":"https:\/\/gie.nefzawa.net\/contact-inefzawa\/#primaryimage","url":"https:\/\/gie.nefzawa.net\/wp-content\/uploads\/2024\/12\/baniere-gie.png","contentUrl":"https:\/\/gie.nefzawa.net\/wp-content\/uploads\/2024\/12\/baniere-gie.png","width":1936,"height":432},{"@type":"BreadcrumbList","@id":"https:\/\/gie.nefzawa.net\/contact-inefzawa\/#breadcrumb","itemListElement":[{"@type":"ListItem","position":1,"name":"Home","item":"https:\/\/gie.nefzawa.net\/"},{"@type":"ListItem","position":2,"name":"Contact"}]},{"@type":"WebSite","@id":"https:\/\/gie.nefzawa.net\/#website","url":"https:\/\/gie.nefzawa.net\/","name":"inefzawa","description":"Let&#039;s empower palm communities","publisher":{"@id":"https:\/\/gie.nefzawa.net\/#organization"},"potentialAction":[{"@type":"SearchAction","target":{"@type":"EntryPoint","urlTemplate":"https:\/\/gie.nefzawa.net\/?s={search_term_string}"},"query-input":{"@type":"PropertyValueSpecification","valueRequired":true,"valueName":"search_term_string"}}],"inLanguage":"fr-FR"},{"@type":"Organization","@id":"https:\/\/gie.nefzawa.net\/#organization","name":"inefzawa","url":"https:\/\/gie.nefzawa.net\/","logo":{"@type":"ImageObject","inLanguage":"fr-FR","@id":"https:\/\/gie.nefzawa.net\/#\/schema\/logo\/image\/","url":"https:\/\/gie.nefzawa.net\/wp-content\/uploads\/2024\/02\/logo_inefzawa-final.png","contentUrl":"https:\/\/gie.nefzawa.net\/wp-content\/uploads\/2024\/02\/logo_inefzawa-final.png","width":913,"height":182,"caption":"inefzawa"},"image":{"@id":"https:\/\/gie.nefzawa.net\/#\/schema\/logo\/image\/"},"sameAs":["https:\/\/www.facebook.com\/Nefzaawa\/","https:\/\/www.instagram.com\/nefzawa_\/?igshid=YmMyMTA2M2Y"]}]}},"_links":{"self":[{"href":"https:\/\/gie.nefzawa.net\/fr\/wp-json\/wp\/v2\/pages\/5752","targetHints":{"allow":["GET"]}}],"collection":[{"href":"https:\/\/gie.nefzawa.net\/fr\/wp-json\/wp\/v2\/pages"}],"about":[{"href":"https:\/\/gie.nefzawa.net\/fr\/wp-json\/wp\/v2\/types\/page"}],"author":[{"embeddable":true,"href":"https:\/\/gie.nefzawa.net\/fr\/wp-json\/wp\/v2\/users\/1"}],"replies":[{"embeddable":true,"href":"https:\/\/gie.nefzawa.net\/fr\/wp-json\/wp\/v2\/comments?post=5752"}],"version-history":[{"count":20,"href":"https:\/\/gie.nefzawa.net\/fr\/wp-json\/wp\/v2\/pages\/5752\/revisions"}],"predecessor-version":[{"id":10334,"href":"https:\/\/gie.nefzawa.net\/fr\/wp-json\/wp\/v2\/pages\/5752\/revisions\/10334"}],"wp:featuredmedia":[{"embeddable":true,"href":"https:\/\/gie.nefzawa.net\/fr\/wp-json\/wp\/v2\/media\/10263"}],"wp:attachment":[{"href":"https:\/\/gie.nefzawa.net\/fr\/wp-json\/wp\/v2\/media?parent=5752"}],"curies":[{"name":"wp","href":"https:\/\/api.w.org\/{rel}","templated":true}]}}