{"id":9601,"date":"2024-02-20T12:25:21","date_gmt":"2024-02-20T12:25:21","guid":{"rendered":"https:\/\/gie.nefzawa.net\/?page_id=9601"},"modified":"2025-06-11T12:47:02","modified_gmt":"2025-06-11T12:47:02","slug":"historique","status":"publish","type":"page","link":"https:\/\/gie.nefzawa.net\/fr\/historique\/","title":{"rendered":"Historique"},"content":{"rendered":"<div class=\"wpb-content-wrapper\"><div class=\"vc_row wpb_row vc_row-fluid vc_custom_1709223462217 vc_row-has-padding-bottom vc_row-bg-position-top\"><div class=\"wpb_column vc_column_container vc_col-sm-12\"><div class=\"vc_column-inner vc_custom_1597665991208\"><div class=\"wpb_wrapper\"><div class=\"vc_row wpb_row vc_inner vc_row-fluid vc_row-bg-position-top\"><div class=\"wpb_column vc_column_container vc_col-sm-12 vc_col-lg-6 vc_col-md-12\"><div class=\"vc_column-inner vc_custom_1634204149624 vc_custom_1634204149624 vc_custom_1634204149624 vc_custom_1634204149624\"><div class=\"wpb_wrapper\"><header class=\"kd-section-title col-lg-12 text-left  subtitle-below-title kd-animated fadeIn   vc_custom_1749630197489\" data-animation-delay=\"200\"><h2 class=\"separator_off\" style=\"font-size: 38px;margin-bottom:30px;\">D\u00e9couvrez l\u2019histoire du GIE NEFZAWA<\/h2><h6 class=\"subtitle\" style=\"color: #696969;\">Tout commence en 2011, au c\u0153ur de la r\u00e9volution tunisienne. Alors \u00e9tudiant, Blidaoui Fahmi lance un projet innovant : cr\u00e9er une radio citoyenne pour donner une voix aux oubli\u00e9s de la r\u00e9gion de K\u00e9bili.<\/h6><\/header><div class=\"vc_empty_space\"   style=\"height: 50px\"><span class=\"vc_empty_space_inner\"><\/span><\/div><\/div><\/div><\/div><div class=\"wpb_column vc_column_container vc_col-sm-12 vc_col-lg-6\"><div class=\"vc_column-inner vc_custom_1634204290064  vc_custom_1634204290065 vc_custom_1634204290065\"><div class=\"wpb_wrapper\"><div class=\"kd-timeline timeline-align-left\">\r\n      \t\t\t\t<div class=\"timeline-line\" >\r\n      \t\t\t\t\t<div class=\"timeline-line-inner\"><\/div>\r\n      \t\t\t\t<\/div>\r\n      \t\t\t\t<div class=\"timeline-item\" >\r\n  \t\t\t\t    <div class=\"timeline-item-wrapper\" style=\"background-color: #1c2539;\"><div class=\"timeline-item-date\"><p class=\"item-date\" >2012 <\/p><\/div><div class=\"timeline-content\"><h4 class=\"timeline-item-title\" > La naissance de Radio Nefzawa<\/h4><p class=\"timeline-item-description translation-block\" >Radio Nefzawa was born \u2014 the region\u2019s first online radio station. <br>\nFocus areas: <br>\n\u2022 Local development <br>\n\u2022 Civic expression <br>\n\u2022 Support for youth, women, artisans, and farmers<\/p><\/div><\/div><div class=\"timeline-item-arrow\" style=\"border-color: #1c2539;\"><\/div>\r\n              <div class=\"timeline-item-point\" style=\"background-color: #1c2539;\"><i class=\"far fa-lightbulb\" ><\/i><\/div>\r\n      \t\t\t<\/div><div class=\"timeline-item\" >\r\n  \t\t\t\t    <div class=\"timeline-item-wrapper\" style=\"background-color: #1c2539;\"><div class=\"timeline-item-date\"><p class=\"item-date\" >Ce jour  <\/p><\/div><div class=\"timeline-content\"><h4 class=\"timeline-item-title\" >L\u2019\u00e9cosyst\u00e8me Nefzawa<\/h4><p class=\"timeline-item-description translation-block\" >L\u2019initiative s\u2019est d\u00e9velopp\u00e9e pour devenir un \u00e9cosyst\u00e8me diversifi\u00e9 comprenant :<br>\n\u2022 Un centre de formation<br>\n\u2022 Des foires \u00e9conomiques<br>\n\u2022 Des \u00e9v\u00e9nements culturels<br>\n\u2022 Une web TV<br>\n\u2022 Le GIE-Nefzawa en tant que mod\u00e8le \u00e9conomique innovant<\/p><\/div><\/div><div class=\"timeline-item-arrow\" style=\"border-color: #1c2539;\"><\/div>\r\n              <div class=\"timeline-item-point\" style=\"background-color: #1c2539;\"><i class=\"far fa-gem\" ><\/i><\/div>\r\n      \t\t\t<\/div>\r\n      \t\t\t<\/div><\/div><\/div><\/div><\/div><\/div><\/div><\/div><\/div>\n<\/div>","protected":false},"excerpt":{"rendered":"Discover the history of GIE [...]","protected":false},"author":1,"featured_media":9692,"parent":0,"menu_order":0,"comment_status":"closed","ping_status":"closed","template":"","meta":{"_acf_changed":false,"footnotes":""},"class_list":["post-9601","page","type-page","status-publish","has-post-thumbnail","hentry"],"acf":[],"yoast_head":"<!-- This site is optimized with the Yoast SEO plugin v25.8 - https:\/\/yoast.com\/wordpress\/plugins\/seo\/ -->\n<title>History - gie<\/title>\n<meta name=\"robots\" content=\"index, follow, max-snippet:-1, max-image-preview:large, max-video-preview:-1\" \/>\n<link rel=\"canonical\" href=\"https:\/\/gie.nefzawa.net\/fr\/historique\/\" \/>\n<meta property=\"og:locale\" content=\"fr_FR\" \/>\n<meta property=\"og:type\" content=\"article\" \/>\n<meta property=\"og:title\" content=\"History - gie\" \/>\n<meta property=\"og:url\" content=\"https:\/\/gie.nefzawa.net\/fr\/historique\/\" \/>\n<meta property=\"og:site_name\" content=\"gie\" \/>\n<meta property=\"article:publisher\" content=\"https:\/\/www.facebook.com\/Nefzaawa\/\" \/>\n<meta property=\"article:modified_time\" content=\"2025-06-11T12:47:02+00:00\" \/>\n<meta property=\"og:image\" content=\"https:\/\/gie.nefzawa.net\/wp-content\/uploads\/2024\/02\/00002-4061013349.png\" \/>\n\t<meta property=\"og:image:width\" content=\"1936\" \/>\n\t<meta property=\"og:image:height\" content=\"432\" \/>\n\t<meta property=\"og:image:type\" content=\"image\/png\" \/>\n<meta name=\"twitter:card\" content=\"summary_large_image\" \/>\n<meta name=\"twitter:label1\" content=\"Dur\u00e9e de lecture estim\u00e9e\" \/>\n\t<meta name=\"twitter:data1\" content=\"3 minutes\" \/>\n<script type=\"application\/ld+json\" class=\"yoast-schema-graph\">{\"@context\":\"https:\/\/schema.org\",\"@graph\":[{\"@type\":\"WebPage\",\"@id\":\"https:\/\/gie.nefzawa.net\/historique\/\",\"url\":\"https:\/\/gie.nefzawa.net\/historique\/\",\"name\":\"History - gie\",\"isPartOf\":{\"@id\":\"https:\/\/gie.nefzawa.net\/#website\"},\"primaryImageOfPage\":{\"@id\":\"https:\/\/gie.nefzawa.net\/historique\/#primaryimage\"},\"image\":{\"@id\":\"https:\/\/gie.nefzawa.net\/historique\/#primaryimage\"},\"thumbnailUrl\":\"https:\/\/gie.nefzawa.net\/wp-content\/uploads\/2024\/02\/00002-4061013349.png\",\"datePublished\":\"2024-02-20T12:25:21+00:00\",\"dateModified\":\"2025-06-11T12:47:02+00:00\",\"breadcrumb\":{\"@id\":\"https:\/\/gie.nefzawa.net\/historique\/#breadcrumb\"},\"inLanguage\":\"fr-FR\",\"potentialAction\":[{\"@type\":\"ReadAction\",\"target\":[\"https:\/\/gie.nefzawa.net\/historique\/\"]}]},{\"@type\":\"ImageObject\",\"inLanguage\":\"fr-FR\",\"@id\":\"https:\/\/gie.nefzawa.net\/historique\/#primaryimage\",\"url\":\"https:\/\/gie.nefzawa.net\/wp-content\/uploads\/2024\/02\/00002-4061013349.png\",\"contentUrl\":\"https:\/\/gie.nefzawa.net\/wp-content\/uploads\/2024\/02\/00002-4061013349.png\",\"width\":1936,\"height\":432},{\"@type\":\"BreadcrumbList\",\"@id\":\"https:\/\/gie.nefzawa.net\/historique\/#breadcrumb\",\"itemListElement\":[{\"@type\":\"ListItem\",\"position\":1,\"name\":\"Home\",\"item\":\"https:\/\/gie.nefzawa.net\/\"},{\"@type\":\"ListItem\",\"position\":2,\"name\":\"History\"}]},{\"@type\":\"WebSite\",\"@id\":\"https:\/\/gie.nefzawa.net\/#website\",\"url\":\"https:\/\/gie.nefzawa.net\/\",\"name\":\"inefzawa\",\"description\":\"Let&#039;s empower palm communities\",\"publisher\":{\"@id\":\"https:\/\/gie.nefzawa.net\/#organization\"},\"potentialAction\":[{\"@type\":\"SearchAction\",\"target\":{\"@type\":\"EntryPoint\",\"urlTemplate\":\"https:\/\/gie.nefzawa.net\/?s={search_term_string}\"},\"query-input\":{\"@type\":\"PropertyValueSpecification\",\"valueRequired\":true,\"valueName\":\"search_term_string\"}}],\"inLanguage\":\"fr-FR\"},{\"@type\":\"Organization\",\"@id\":\"https:\/\/gie.nefzawa.net\/#organization\",\"name\":\"inefzawa\",\"url\":\"https:\/\/gie.nefzawa.net\/\",\"logo\":{\"@type\":\"ImageObject\",\"inLanguage\":\"fr-FR\",\"@id\":\"https:\/\/gie.nefzawa.net\/#\/schema\/logo\/image\/\",\"url\":\"https:\/\/gie.nefzawa.net\/wp-content\/uploads\/2024\/02\/logo_inefzawa-final.png\",\"contentUrl\":\"https:\/\/gie.nefzawa.net\/wp-content\/uploads\/2024\/02\/logo_inefzawa-final.png\",\"width\":913,\"height\":182,\"caption\":\"inefzawa\"},\"image\":{\"@id\":\"https:\/\/gie.nefzawa.net\/#\/schema\/logo\/image\/\"},\"sameAs\":[\"https:\/\/www.facebook.com\/Nefzaawa\/\",\"https:\/\/www.instagram.com\/nefzawa_\/?igshid=YmMyMTA2M2Y\"]}]}<\/script>\n<!-- \/ Yoast SEO plugin. -->","yoast_head_json":{"title":"History - gie","robots":{"index":"index","follow":"follow","max-snippet":"max-snippet:-1","max-image-preview":"max-image-preview:large","max-video-preview":"max-video-preview:-1"},"canonical":"https:\/\/gie.nefzawa.net\/fr\/historique\/","og_locale":"fr_FR","og_type":"article","og_title":"History - gie","og_url":"https:\/\/gie.nefzawa.net\/fr\/historique\/","og_site_name":"gie","article_publisher":"https:\/\/www.facebook.com\/Nefzaawa\/","article_modified_time":"2025-06-11T12:47:02+00:00","og_image":[{"width":1936,"height":432,"url":"https:\/\/gie.nefzawa.net\/wp-content\/uploads\/2024\/02\/00002-4061013349.png","type":"image\/png"}],"twitter_card":"summary_large_image","twitter_misc":{"Dur\u00e9e de lecture estim\u00e9e":"3 minutes"},"schema":{"@context":"https:\/\/schema.org","@graph":[{"@type":"WebPage","@id":"https:\/\/gie.nefzawa.net\/historique\/","url":"https:\/\/gie.nefzawa.net\/historique\/","name":"History - gie","isPartOf":{"@id":"https:\/\/gie.nefzawa.net\/#website"},"primaryImageOfPage":{"@id":"https:\/\/gie.nefzawa.net\/historique\/#primaryimage"},"image":{"@id":"https:\/\/gie.nefzawa.net\/historique\/#primaryimage"},"thumbnailUrl":"https:\/\/gie.nefzawa.net\/wp-content\/uploads\/2024\/02\/00002-4061013349.png","datePublished":"2024-02-20T12:25:21+00:00","dateModified":"2025-06-11T12:47:02+00:00","breadcrumb":{"@id":"https:\/\/gie.nefzawa.net\/historique\/#breadcrumb"},"inLanguage":"fr-FR","potentialAction":[{"@type":"ReadAction","target":["https:\/\/gie.nefzawa.net\/historique\/"]}]},{"@type":"ImageObject","inLanguage":"fr-FR","@id":"https:\/\/gie.nefzawa.net\/historique\/#primaryimage","url":"https:\/\/gie.nefzawa.net\/wp-content\/uploads\/2024\/02\/00002-4061013349.png","contentUrl":"https:\/\/gie.nefzawa.net\/wp-content\/uploads\/2024\/02\/00002-4061013349.png","width":1936,"height":432},{"@type":"BreadcrumbList","@id":"https:\/\/gie.nefzawa.net\/historique\/#breadcrumb","itemListElement":[{"@type":"ListItem","position":1,"name":"Home","item":"https:\/\/gie.nefzawa.net\/"},{"@type":"ListItem","position":2,"name":"History"}]},{"@type":"WebSite","@id":"https:\/\/gie.nefzawa.net\/#website","url":"https:\/\/gie.nefzawa.net\/","name":"inefzawa","description":"Let&#039;s empower palm communities","publisher":{"@id":"https:\/\/gie.nefzawa.net\/#organization"},"potentialAction":[{"@type":"SearchAction","target":{"@type":"EntryPoint","urlTemplate":"https:\/\/gie.nefzawa.net\/?s={search_term_string}"},"query-input":{"@type":"PropertyValueSpecification","valueRequired":true,"valueName":"search_term_string"}}],"inLanguage":"fr-FR"},{"@type":"Organization","@id":"https:\/\/gie.nefzawa.net\/#organization","name":"inefzawa","url":"https:\/\/gie.nefzawa.net\/","logo":{"@type":"ImageObject","inLanguage":"fr-FR","@id":"https:\/\/gie.nefzawa.net\/#\/schema\/logo\/image\/","url":"https:\/\/gie.nefzawa.net\/wp-content\/uploads\/2024\/02\/logo_inefzawa-final.png","contentUrl":"https:\/\/gie.nefzawa.net\/wp-content\/uploads\/2024\/02\/logo_inefzawa-final.png","width":913,"height":182,"caption":"inefzawa"},"image":{"@id":"https:\/\/gie.nefzawa.net\/#\/schema\/logo\/image\/"},"sameAs":["https:\/\/www.facebook.com\/Nefzaawa\/","https:\/\/www.instagram.com\/nefzawa_\/?igshid=YmMyMTA2M2Y"]}]}},"_links":{"self":[{"href":"https:\/\/gie.nefzawa.net\/fr\/wp-json\/wp\/v2\/pages\/9601","targetHints":{"allow":["GET"]}}],"collection":[{"href":"https:\/\/gie.nefzawa.net\/fr\/wp-json\/wp\/v2\/pages"}],"about":[{"href":"https:\/\/gie.nefzawa.net\/fr\/wp-json\/wp\/v2\/types\/page"}],"author":[{"embeddable":true,"href":"https:\/\/gie.nefzawa.net\/fr\/wp-json\/wp\/v2\/users\/1"}],"replies":[{"embeddable":true,"href":"https:\/\/gie.nefzawa.net\/fr\/wp-json\/wp\/v2\/comments?post=9601"}],"version-history":[{"count":14,"href":"https:\/\/gie.nefzawa.net\/fr\/wp-json\/wp\/v2\/pages\/9601\/revisions"}],"predecessor-version":[{"id":10403,"href":"https:\/\/gie.nefzawa.net\/fr\/wp-json\/wp\/v2\/pages\/9601\/revisions\/10403"}],"wp:featuredmedia":[{"embeddable":true,"href":"https:\/\/gie.nefzawa.net\/fr\/wp-json\/wp\/v2\/media\/9692"}],"wp:attachment":[{"href":"https:\/\/gie.nefzawa.net\/fr\/wp-json\/wp\/v2\/media?parent=9601"}],"curies":[{"name":"wp","href":"https:\/\/api.w.org\/{rel}","templated":true}]}}