{"id":9603,"date":"2024-02-20T12:25:21","date_gmt":"2024-02-20T12:25:21","guid":{"rendered":"https:\/\/gie.nefzawa.net\/?page_id=9603"},"modified":"2024-12-18T08:00:14","modified_gmt":"2024-12-18T08:00:14","slug":"valeurs","status":"publish","type":"page","link":"https:\/\/gie.nefzawa.net\/fr\/valeurs\/","title":{"rendered":"Values"},"content":{"rendered":"<div class=\"wpb-content-wrapper\"><div data-vc-full-width=\"true\" data-vc-full-width-init=\"false\" class=\"vc_row wpb_row vc_row-fluid vc_custom_1597669392242 vc_row-has-padding-top vc_row-bg-position-top\"><div class=\"wpb_column vc_column_container vc_col-sm-12\"><div class=\"vc_column-inner vc_custom_1516008233239\"><div class=\"wpb_wrapper\"><header class=\"kd-section-title col-lg-12 text-center  subtitle-below-title kd-animated fadeIn   vc_custom_1719148052542\" data-animation-delay=\"200\"><h2 class=\"separator_off\" >Discover our values and know us more<\/h2><h6 class=\"subtitle\" >At GIE NEFZAWA, our values serve as the compass guiding our actions. They encapsulate our unwavering commitment to:<\/h6><\/header><div class=\"vc_row wpb_row vc_inner vc_row-fluid vc_custom_1598637844246 vc_custom_1598637844247 vc_custom_1598637844248 vc_row-has-padding-bottom vc_row-bg-position-top\"><div class=\"wpb_column vc_column_container vc_col-sm-6\"><div class=\"vc_column-inner\"><div class=\"wpb_wrapper\"><div class=\"key-icon-box icon-default icon-left cont-left ib-hover-2 with-shadow    icon-no-background icon-no-border kd-animated fadeInUp\" style=\"background-color: transparent;\" data-animation-delay=\"200\"><div class=\"ib-wrapper\" style=\"padding-top:45px;padding-bottom:45px;padding-left:35px;padding-right:35px;\"><div class=\"ib-simple-icon-wrapper\" ><i class=\"fas fa-leaf\" style=\"font-size: 40px;\"><\/i> <\/div><h5 class=\"service-heading\" >Sustainability<\/h5><p style=\"font-size: 17px;\">GIE NEFZAWA is dedicated to promoting sustainable practices within the palm community, ensuring the longevity of this vital resource for future generations. We prioritize responsible stewardship of the environment, implementing eco-friendly solutions across our operations.<\/p><\/div><\/div><\/div><\/div><\/div><div class=\"wpb_column vc_column_container vc_col-sm-6\"><div class=\"vc_column-inner\"><div class=\"wpb_wrapper\"><div class=\"key-icon-box icon-default icon-left cont-left ib-hover-2 with-shadow    icon-no-background icon-no-border kd-animated fadeInUp\" style=\"background-color: transparent;\" data-animation-delay=\"200\"><div class=\"ib-wrapper\" style=\"padding-top:45px;padding-bottom:45px;padding-left:35px;padding-right:35px;\"><div class=\"ib-simple-icon-wrapper\" ><i class=\"fas fa-hands-helping\" style=\"font-size: 40px;\"><\/i> <\/div><h5 class=\"service-heading\" >Collaboration<\/h5><p style=\"font-size: 17px;\">Collaboration is at the core of GIE NEFZAWA ethos. We believe in the power of partnerships, working hand in hand with stakeholders, farmers, and organizations to effect positive change within the palm sector. By fostering strong collaborations, we aim to maximize impact.<\/p><\/div><\/div><\/div><\/div><\/div><\/div><div class=\"vc_row wpb_row vc_inner vc_row-fluid vc_custom_1597669510031 vc_row-has-padding-bottom vc_row-bg-position-top\"><div class=\"wpb_column vc_column_container vc_col-sm-6\"><div class=\"vc_column-inner\"><div class=\"wpb_wrapper\"><div class=\"key-icon-box icon-default icon-left cont-left ib-hover-2 with-shadow    icon-no-background icon-no-border kd-animated fadeInUp\" style=\"background-color: transparent;\" data-animation-delay=\"200\"><div class=\"ib-wrapper\" style=\"padding-top:45px;padding-bottom:45px;padding-left:35px;padding-right:35px;\"><div class=\"ib-simple-icon-wrapper\" ><i class=\"fas fa-search\" style=\"font-size: 40px;\"><\/i> <\/div><h5 class=\"service-heading\" >Transparency<\/h5><p style=\"font-size: 17px;\">Transparency is fundamental to our approach at GIE NEFZAWA. We uphold a culture of openness and honesty, from our business practices to our engagements with stakeholders. We are committed to providing accurate information, fostering trust within the community.<\/p><\/div><\/div><\/div><\/div><\/div><div class=\"wpb_column vc_column_container vc_col-sm-6\"><div class=\"vc_column-inner\"><div class=\"wpb_wrapper\"><div class=\"key-icon-box icon-default icon-left cont-left ib-hover-2 with-shadow    icon-no-background icon-no-border kd-animated fadeInUp\" style=\"background-color: transparent;\" data-animation-delay=\"200\"><div class=\"ib-wrapper\" style=\"padding-top:45px;padding-bottom:45px;padding-left:35px;padding-right:35px;\"><div class=\"ib-simple-icon-wrapper\" ><i class=\"far fa-lightbulb\" style=\"font-size: 40px;\"><\/i> <\/div><h5 class=\"service-heading\" >Innovation<\/h5><p style=\"font-size: 17px;\">Innovation propels us forward at GIE NEFZAWA. We constantly seek new ideas, technologies, and approaches to enhance our work and address challenges in the palm industry. By embracing creativity and forward thinking, we strive to push boundaries, drive innovation, and catalyze positive change.<\/p><\/div><\/div><\/div><\/div><\/div><\/div><\/div><\/div><\/div><\/div><div class=\"vc_row-full-width vc_clearfix\"><\/div><div class=\"vc_row wpb_row vc_row-fluid vc_row-bg-position-top\"><div class=\"wpb_column vc_column_container vc_col-sm-12\"><div class=\"vc_column-inner\"><div class=\"wpb_wrapper\"><div class=\"kd-calltoaction\" >\n                <div class=\"container\">\n                  <div class=\"cta-text-container kd-animated fadeIn\" data-animation-delay=\"200\"><div class=\"cta-text\"><h2 >Curious to learn more about how our values shape our work?<\/h2><\/div>\n                    <\/div>\n                    <div class=\"cta-btncontainer\"><a href=\"https:\/\/gie.nefzawa.net\/fr\/contact-inefzawa\/\"  title=\"\" class=\"tt_button tt_primary_button btn_primary_color  button-action-link icon_right kd-animated zoomIn\" data-animation-delay=\"200\">Let's get in touch<span class=\"fas fa-chevron-right iconita\" ><\/span><\/a><\/div>\n                <\/div>\n            <\/div><\/div><\/div><\/div><\/div>\n<\/div>","protected":false},"excerpt":{"rendered":"Discover our values and know [...]","protected":false},"author":1,"featured_media":10263,"parent":0,"menu_order":0,"comment_status":"closed","ping_status":"closed","template":"","meta":{"_acf_changed":false,"footnotes":""},"class_list":["post-9603","page","type-page","status-publish","has-post-thumbnail","hentry"],"acf":[],"yoast_head":"<!-- This site is optimized with the Yoast SEO plugin v25.8 - https:\/\/yoast.com\/wordpress\/plugins\/seo\/ -->\n<title>Values - gie<\/title>\n<meta name=\"description\" content=\"Inefzawa, plus que des produits : d\u00e9couvrez nos valeurs fondamentales. Qualit\u00e9, authenticit\u00e9, savoir-faire et engagement communautaire sont au c\u0153ur de notre identit\u00e9.\" \/>\n<meta name=\"robots\" content=\"index, follow, max-snippet:-1, max-image-preview:large, max-video-preview:-1\" \/>\n<link rel=\"canonical\" href=\"https:\/\/gie.nefzawa.net\/fr\/valeurs\/\" \/>\n<meta property=\"og:locale\" content=\"fr_FR\" \/>\n<meta property=\"og:type\" content=\"article\" \/>\n<meta property=\"og:title\" content=\"Values - gie\" \/>\n<meta property=\"og:description\" content=\"Inefzawa, plus que des produits : d\u00e9couvrez nos valeurs fondamentales. Qualit\u00e9, authenticit\u00e9, savoir-faire et engagement communautaire sont au c\u0153ur de notre identit\u00e9.\" \/>\n<meta property=\"og:url\" content=\"https:\/\/gie.nefzawa.net\/fr\/valeurs\/\" \/>\n<meta property=\"og:site_name\" content=\"gie\" \/>\n<meta property=\"article:publisher\" content=\"https:\/\/www.facebook.com\/Nefzaawa\/\" \/>\n<meta property=\"article:modified_time\" content=\"2024-12-18T08:00:14+00:00\" \/>\n<meta property=\"og:image\" content=\"https:\/\/gie.nefzawa.net\/wp-content\/uploads\/2024\/12\/baniere-gie.png\" \/>\n\t<meta property=\"og:image:width\" content=\"1936\" \/>\n\t<meta property=\"og:image:height\" content=\"432\" \/>\n\t<meta property=\"og:image:type\" content=\"image\/png\" \/>\n<meta name=\"twitter:card\" content=\"summary_large_image\" \/>\n<meta name=\"twitter:label1\" content=\"Dur\u00e9e de lecture estim\u00e9e\" \/>\n\t<meta name=\"twitter:data1\" content=\"2 minutes\" \/>\n<script type=\"application\/ld+json\" class=\"yoast-schema-graph\">{\"@context\":\"https:\/\/schema.org\",\"@graph\":[{\"@type\":\"WebPage\",\"@id\":\"https:\/\/gie.nefzawa.net\/valeurs\/\",\"url\":\"https:\/\/gie.nefzawa.net\/valeurs\/\",\"name\":\"Values - gie\",\"isPartOf\":{\"@id\":\"https:\/\/gie.nefzawa.net\/#website\"},\"primaryImageOfPage\":{\"@id\":\"https:\/\/gie.nefzawa.net\/valeurs\/#primaryimage\"},\"image\":{\"@id\":\"https:\/\/gie.nefzawa.net\/valeurs\/#primaryimage\"},\"thumbnailUrl\":\"https:\/\/gie.nefzawa.net\/wp-content\/uploads\/2024\/12\/baniere-gie.png\",\"datePublished\":\"2024-02-20T12:25:21+00:00\",\"dateModified\":\"2024-12-18T08:00:14+00:00\",\"description\":\"Inefzawa, plus que des produits : d\u00e9couvrez nos valeurs fondamentales. Qualit\u00e9, authenticit\u00e9, savoir-faire et engagement communautaire sont au c\u0153ur de notre identit\u00e9.\",\"breadcrumb\":{\"@id\":\"https:\/\/gie.nefzawa.net\/valeurs\/#breadcrumb\"},\"inLanguage\":\"fr-FR\",\"potentialAction\":[{\"@type\":\"ReadAction\",\"target\":[\"https:\/\/gie.nefzawa.net\/valeurs\/\"]}]},{\"@type\":\"ImageObject\",\"inLanguage\":\"fr-FR\",\"@id\":\"https:\/\/gie.nefzawa.net\/valeurs\/#primaryimage\",\"url\":\"https:\/\/gie.nefzawa.net\/wp-content\/uploads\/2024\/12\/baniere-gie.png\",\"contentUrl\":\"https:\/\/gie.nefzawa.net\/wp-content\/uploads\/2024\/12\/baniere-gie.png\",\"width\":1936,\"height\":432},{\"@type\":\"BreadcrumbList\",\"@id\":\"https:\/\/gie.nefzawa.net\/valeurs\/#breadcrumb\",\"itemListElement\":[{\"@type\":\"ListItem\",\"position\":1,\"name\":\"Home\",\"item\":\"https:\/\/gie.nefzawa.net\/\"},{\"@type\":\"ListItem\",\"position\":2,\"name\":\"Values\"}]},{\"@type\":\"WebSite\",\"@id\":\"https:\/\/gie.nefzawa.net\/#website\",\"url\":\"https:\/\/gie.nefzawa.net\/\",\"name\":\"inefzawa\",\"description\":\"Let&#039;s empower palm communities\",\"publisher\":{\"@id\":\"https:\/\/gie.nefzawa.net\/#organization\"},\"potentialAction\":[{\"@type\":\"SearchAction\",\"target\":{\"@type\":\"EntryPoint\",\"urlTemplate\":\"https:\/\/gie.nefzawa.net\/?s={search_term_string}\"},\"query-input\":{\"@type\":\"PropertyValueSpecification\",\"valueRequired\":true,\"valueName\":\"search_term_string\"}}],\"inLanguage\":\"fr-FR\"},{\"@type\":\"Organization\",\"@id\":\"https:\/\/gie.nefzawa.net\/#organization\",\"name\":\"inefzawa\",\"url\":\"https:\/\/gie.nefzawa.net\/\",\"logo\":{\"@type\":\"ImageObject\",\"inLanguage\":\"fr-FR\",\"@id\":\"https:\/\/gie.nefzawa.net\/#\/schema\/logo\/image\/\",\"url\":\"https:\/\/gie.nefzawa.net\/wp-content\/uploads\/2024\/02\/logo_inefzawa-final.png\",\"contentUrl\":\"https:\/\/gie.nefzawa.net\/wp-content\/uploads\/2024\/02\/logo_inefzawa-final.png\",\"width\":913,\"height\":182,\"caption\":\"inefzawa\"},\"image\":{\"@id\":\"https:\/\/gie.nefzawa.net\/#\/schema\/logo\/image\/\"},\"sameAs\":[\"https:\/\/www.facebook.com\/Nefzaawa\/\",\"https:\/\/www.instagram.com\/nefzawa_\/?igshid=YmMyMTA2M2Y\"]}]}<\/script>\n<!-- \/ Yoast SEO plugin. -->","yoast_head_json":{"title":"Values - gie","description":"Inefzawa, plus que des produits : d\u00e9couvrez nos valeurs fondamentales. Qualit\u00e9, authenticit\u00e9, savoir-faire et engagement communautaire sont au c\u0153ur de notre identit\u00e9.","robots":{"index":"index","follow":"follow","max-snippet":"max-snippet:-1","max-image-preview":"max-image-preview:large","max-video-preview":"max-video-preview:-1"},"canonical":"https:\/\/gie.nefzawa.net\/fr\/valeurs\/","og_locale":"fr_FR","og_type":"article","og_title":"Values - gie","og_description":"Inefzawa, plus que des produits : d\u00e9couvrez nos valeurs fondamentales. Qualit\u00e9, authenticit\u00e9, savoir-faire et engagement communautaire sont au c\u0153ur de notre identit\u00e9.","og_url":"https:\/\/gie.nefzawa.net\/fr\/valeurs\/","og_site_name":"gie","article_publisher":"https:\/\/www.facebook.com\/Nefzaawa\/","article_modified_time":"2024-12-18T08:00:14+00:00","og_image":[{"width":1936,"height":432,"url":"https:\/\/gie.nefzawa.net\/wp-content\/uploads\/2024\/12\/baniere-gie.png","type":"image\/png"}],"twitter_card":"summary_large_image","twitter_misc":{"Dur\u00e9e de lecture estim\u00e9e":"2 minutes"},"schema":{"@context":"https:\/\/schema.org","@graph":[{"@type":"WebPage","@id":"https:\/\/gie.nefzawa.net\/valeurs\/","url":"https:\/\/gie.nefzawa.net\/valeurs\/","name":"Values - gie","isPartOf":{"@id":"https:\/\/gie.nefzawa.net\/#website"},"primaryImageOfPage":{"@id":"https:\/\/gie.nefzawa.net\/valeurs\/#primaryimage"},"image":{"@id":"https:\/\/gie.nefzawa.net\/valeurs\/#primaryimage"},"thumbnailUrl":"https:\/\/gie.nefzawa.net\/wp-content\/uploads\/2024\/12\/baniere-gie.png","datePublished":"2024-02-20T12:25:21+00:00","dateModified":"2024-12-18T08:00:14+00:00","description":"Inefzawa, plus que des produits : d\u00e9couvrez nos valeurs fondamentales. Qualit\u00e9, authenticit\u00e9, savoir-faire et engagement communautaire sont au c\u0153ur de notre identit\u00e9.","breadcrumb":{"@id":"https:\/\/gie.nefzawa.net\/valeurs\/#breadcrumb"},"inLanguage":"fr-FR","potentialAction":[{"@type":"ReadAction","target":["https:\/\/gie.nefzawa.net\/valeurs\/"]}]},{"@type":"ImageObject","inLanguage":"fr-FR","@id":"https:\/\/gie.nefzawa.net\/valeurs\/#primaryimage","url":"https:\/\/gie.nefzawa.net\/wp-content\/uploads\/2024\/12\/baniere-gie.png","contentUrl":"https:\/\/gie.nefzawa.net\/wp-content\/uploads\/2024\/12\/baniere-gie.png","width":1936,"height":432},{"@type":"BreadcrumbList","@id":"https:\/\/gie.nefzawa.net\/valeurs\/#breadcrumb","itemListElement":[{"@type":"ListItem","position":1,"name":"Home","item":"https:\/\/gie.nefzawa.net\/"},{"@type":"ListItem","position":2,"name":"Values"}]},{"@type":"WebSite","@id":"https:\/\/gie.nefzawa.net\/#website","url":"https:\/\/gie.nefzawa.net\/","name":"inefzawa","description":"Let&#039;s empower palm communities","publisher":{"@id":"https:\/\/gie.nefzawa.net\/#organization"},"potentialAction":[{"@type":"SearchAction","target":{"@type":"EntryPoint","urlTemplate":"https:\/\/gie.nefzawa.net\/?s={search_term_string}"},"query-input":{"@type":"PropertyValueSpecification","valueRequired":true,"valueName":"search_term_string"}}],"inLanguage":"fr-FR"},{"@type":"Organization","@id":"https:\/\/gie.nefzawa.net\/#organization","name":"inefzawa","url":"https:\/\/gie.nefzawa.net\/","logo":{"@type":"ImageObject","inLanguage":"fr-FR","@id":"https:\/\/gie.nefzawa.net\/#\/schema\/logo\/image\/","url":"https:\/\/gie.nefzawa.net\/wp-content\/uploads\/2024\/02\/logo_inefzawa-final.png","contentUrl":"https:\/\/gie.nefzawa.net\/wp-content\/uploads\/2024\/02\/logo_inefzawa-final.png","width":913,"height":182,"caption":"inefzawa"},"image":{"@id":"https:\/\/gie.nefzawa.net\/#\/schema\/logo\/image\/"},"sameAs":["https:\/\/www.facebook.com\/Nefzaawa\/","https:\/\/www.instagram.com\/nefzawa_\/?igshid=YmMyMTA2M2Y"]}]}},"_links":{"self":[{"href":"https:\/\/gie.nefzawa.net\/fr\/wp-json\/wp\/v2\/pages\/9603","targetHints":{"allow":["GET"]}}],"collection":[{"href":"https:\/\/gie.nefzawa.net\/fr\/wp-json\/wp\/v2\/pages"}],"about":[{"href":"https:\/\/gie.nefzawa.net\/fr\/wp-json\/wp\/v2\/types\/page"}],"author":[{"embeddable":true,"href":"https:\/\/gie.nefzawa.net\/fr\/wp-json\/wp\/v2\/users\/1"}],"replies":[{"embeddable":true,"href":"https:\/\/gie.nefzawa.net\/fr\/wp-json\/wp\/v2\/comments?post=9603"}],"version-history":[{"count":16,"href":"https:\/\/gie.nefzawa.net\/fr\/wp-json\/wp\/v2\/pages\/9603\/revisions"}],"predecessor-version":[{"id":10325,"href":"https:\/\/gie.nefzawa.net\/fr\/wp-json\/wp\/v2\/pages\/9603\/revisions\/10325"}],"wp:featuredmedia":[{"embeddable":true,"href":"https:\/\/gie.nefzawa.net\/fr\/wp-json\/wp\/v2\/media\/10263"}],"wp:attachment":[{"href":"https:\/\/gie.nefzawa.net\/fr\/wp-json\/wp\/v2\/media?parent=9603"}],"curies":[{"name":"wp","href":"https:\/\/api.w.org\/{rel}","templated":true}]}}