{"id":9606,"date":"2024-02-20T12:25:21","date_gmt":"2024-02-20T12:25:21","guid":{"rendered":"https:\/\/gie.nefzawa.net\/?page_id=9606"},"modified":"2024-12-18T08:39:46","modified_gmt":"2024-12-18T08:39:46","slug":"service-incubation","status":"publish","type":"page","link":"https:\/\/gie.nefzawa.net\/fr\/service-incubation\/","title":{"rendered":"Incubation"},"content":{"rendered":"<div class=\"wpb-content-wrapper\"><div data-vc-full-width=\"true\" data-vc-full-width-init=\"false\" class=\"vc_row wpb_row vc_row-fluid vc_custom_1597669392242 vc_row-has-padding-top vc_row-bg-position-top\"><div class=\"wpb_column vc_column_container vc_col-sm-12\"><div class=\"vc_column-inner vc_custom_1516008233239\"><div class=\"wpb_wrapper\"><header class=\"kd-section-title col-lg-12 text-center  subtitle-below-title kd-animated fadeIn   vc_custom_1709165894090\" data-animation-delay=\"200\"><h2 class=\"separator_off\" >Incubation Service<\/h2><h6 class=\"subtitle\" >Our Incubation Service is designed to support individuals or businesses in the palm sector by providing them with the guidance, resources, and support they need to grow and thrive.<\/h6><\/header><div class=\"vc_row wpb_row vc_inner vc_row-fluid vc_custom_1598637844246 vc_custom_1598637844247 vc_custom_1598637844248 vc_row-has-padding-bottom vc_row-bg-position-top\"><div class=\"wpb_column vc_column_container vc_col-sm-6\"><div class=\"vc_column-inner\"><div class=\"wpb_wrapper\"><div class=\"key-icon-box icon-default icon-left cont-left ib-hover-2 with-shadow    icon-no-background icon-no-border kd-animated fadeInUp\" style=\"background-color: transparent;\" data-animation-delay=\"200\"><div class=\"ib-wrapper\" style=\"padding-top:45px;padding-bottom:45px;padding-left:35px;padding-right:35px;\"><div class=\"ib-simple-icon-wrapper\" ><i class=\"fas fa-map-signs\" style=\"font-size: 40px;\"><\/i> <\/div><h5 class=\"service-heading\" >Expert Guidance<\/h5><p style=\"font-size: 17px;\">Access to expert advice and mentorship from industry professionals.<\/p><\/div><\/div><\/div><\/div><\/div><div class=\"wpb_column vc_column_container vc_col-sm-6\"><div class=\"vc_column-inner\"><div class=\"wpb_wrapper\"><div class=\"key-icon-box icon-default icon-left cont-left ib-hover-2 with-shadow    icon-no-background icon-no-border kd-animated fadeInUp\" style=\"background-color: transparent;\" data-animation-delay=\"200\"><div class=\"ib-wrapper\" style=\"padding-top:45px;padding-bottom:45px;padding-left:35px;padding-right:35px;\"><div class=\"ib-simple-icon-wrapper\" ><i class=\"fas fa-project-diagram\" style=\"font-size: 40px;\"><\/i> <\/div><h5 class=\"service-heading\" >Networking Opportunities<\/h5><p style=\"font-size: 17px;\">Connect with other entrepreneurs, investors, and stakeholders in the palm community.<\/p><\/div><\/div><\/div><\/div><\/div><\/div><div class=\"vc_row wpb_row vc_inner vc_row-fluid vc_custom_1597669510031 vc_row-has-padding-bottom vc_row-bg-position-top\"><div class=\"wpb_column vc_column_container vc_col-sm-6\"><div class=\"vc_column-inner\"><div class=\"wpb_wrapper\"><div class=\"key-icon-box icon-default icon-left cont-left ib-hover-2 with-shadow    icon-no-background icon-no-border kd-animated fadeInUp\" style=\"background-color: transparent;\" data-animation-delay=\"200\"><div class=\"ib-wrapper\" style=\"padding-top:45px;padding-bottom:45px;padding-left:35px;padding-right:35px;\"><div class=\"ib-simple-icon-wrapper\" ><i class=\"fas fa-tasks\" style=\"font-size: 40px;\"><\/i> <\/div><h5 class=\"service-heading\" >Access to Resources<\/h5><p style=\"font-size: 17px;\">Gain access to valuable resources, tools, and facilities to support your project or business.<\/p><\/div><\/div><\/div><\/div><\/div><div class=\"wpb_column vc_column_container vc_col-sm-6\"><div class=\"vc_column-inner\"><div class=\"wpb_wrapper\"><div class=\"key-icon-box icon-default icon-left cont-left ib-hover-2 with-shadow    icon-no-background icon-no-border kd-animated fadeInUp\" style=\"background-color: transparent;\" data-animation-delay=\"200\"><div class=\"ib-wrapper\" style=\"padding-top:45px;padding-bottom:45px;padding-left:35px;padding-right:35px;\"><div class=\"ib-simple-icon-wrapper\" ><i class=\"fas fa-sort-amount-up\" style=\"font-size: 40px;\"><\/i> <\/div><h5 class=\"service-heading\" >Business Development Support<\/h5><p style=\"font-size: 17px;\">Receive support with business planning, marketing, and other aspects of business development.<\/p><\/div><\/div><\/div><\/div><\/div><\/div><\/div><\/div><\/div><\/div><div class=\"vc_row-full-width vc_clearfix\"><\/div><div data-vc-full-width=\"true\" data-vc-full-width-init=\"false\" class=\"vc_row wpb_row vc_row-fluid vc_custom_1598010898231 vc_row-has-padding-top vc_row-has-padding-bottom vc_row-bg-position-top\"><div class=\"wpb_column vc_column_container vc_col-sm-12\"><div class=\"vc_column-inner\"><div class=\"wpb_wrapper\">\r\n            <div class=\"kd-process-steps process_four_elem process-checkbox-template\">\r\n                <ul>\r\n                <li class=\"pss-item kd-animated fadeIn\" >\r\n                    <div class=\"pss-container\"><div class=\"pss-step-number\"><span >1<\/span><\/div><div class=\"pss-text-area\"><h5 >Application<\/h5><p >Submit your application and project\/business proposal.<\/p><\/div>\r\n                    <\/div>\r\n                <\/li>\r\n                <li class=\"pss-item kd-animated fadeIn\" data-animation-delay=\"200\">\r\n                    <div class=\"pss-container\"><div class=\"pss-step-number\"><span >2<\/span><\/div><div class=\"pss-text-area\"><h5 >Selection<\/h5><p >Applications are reviewed, and successful candidates are selected.<\/p><\/div>\r\n                    <\/div>\r\n                <\/li>\r\n                <li class=\"pss-item kd-animated fadeIn\" data-animation-delay=\"400\">\r\n                    <div class=\"pss-container\"><div class=\"pss-step-number\"><span >3<\/span><\/div><div class=\"pss-text-area\"><h5 >Incubation Period<\/h5><p >Participate in the incubation program, receiving support and guidance along the way.<\/p><\/div>\r\n                    <\/div>\r\n                <\/li>\r\n                <li class=\"pss-item kd-animated fadeIn\" data-animation-delay=\"600\">\r\n                    <div class=\"pss-container\"><div class=\"pss-step-number\"><span >4<\/span><\/div><div class=\"pss-text-area\"><h5 >Launch<\/h5><p >Launch your project or business with confidence, equipped with the skills and resources needed for success.<\/p><\/div>\r\n                    <\/div>\r\n                <\/li><\/ul>\r\n            <\/div><\/div><\/div><\/div><\/div><div class=\"vc_row-full-width vc_clearfix\"><\/div><div class=\"vc_row wpb_row vc_row-fluid vc_row-bg-position-top\"><div class=\"wpb_column vc_column_container vc_col-sm-12\"><div class=\"vc_column-inner\"><div class=\"wpb_wrapper\"><div class=\"kd-calltoaction\" >\n                <div class=\"container\">\n                  <div class=\"cta-text-container kd-animated fadeIn\" data-animation-delay=\"200\"><div class=\"cta-text\"><h2 >Ready to take your palm-related business to the next level?<\/h2><\/div>\n                    <\/div>\n                    <div class=\"cta-btncontainer\"><a href=\"https:\/\/gie.nefzawa.net\/fr\/contact-inefzawa\/\"  title=\"\" class=\"tt_button tt_primary_button btn_primary_color  button-action-link icon_right kd-animated zoomIn\" data-animation-delay=\"200\">Let's get in touch<span class=\"fas fa-chevron-right iconita\" ><\/span><\/a><\/div>\n                <\/div>\n            <\/div><\/div><\/div><\/div><\/div>\n<\/div>","protected":false},"excerpt":{"rendered":"Incubation ServiceOur Incubation Service is [...]","protected":false},"author":1,"featured_media":10263,"parent":0,"menu_order":0,"comment_status":"closed","ping_status":"closed","template":"","meta":{"_acf_changed":false,"footnotes":""},"class_list":["post-9606","page","type-page","status-publish","has-post-thumbnail","hentry"],"acf":[],"yoast_head":"<!-- This site is optimized with the Yoast SEO plugin v25.8 - https:\/\/yoast.com\/wordpress\/plugins\/seo\/ -->\n<title>Incubation - gie<\/title>\n<meta name=\"description\" content=\"Vous \u00eates un artisan passionn\u00e9 et souhaitez d\u00e9velopper votre activit\u00e9 ? D\u00e9couvrez le programme d&#039;incubation d&#039;Inefzawa. B\u00e9n\u00e9ficiez d&#039;un accompagnement personnalis\u00e9, de formations et d&#039;un r\u00e9seau pour faire rayonner votre savoir-faire artisanal tunisien.\" \/>\n<meta name=\"robots\" content=\"index, follow, max-snippet:-1, max-image-preview:large, max-video-preview:-1\" \/>\n<link rel=\"canonical\" href=\"https:\/\/gie.nefzawa.net\/fr\/service-incubation\/\" \/>\n<meta property=\"og:locale\" content=\"fr_FR\" \/>\n<meta property=\"og:type\" content=\"article\" \/>\n<meta property=\"og:title\" content=\"Incubation - gie\" \/>\n<meta property=\"og:description\" content=\"Vous \u00eates un artisan passionn\u00e9 et souhaitez d\u00e9velopper votre activit\u00e9 ? D\u00e9couvrez le programme d&#039;incubation d&#039;Inefzawa. B\u00e9n\u00e9ficiez d&#039;un accompagnement personnalis\u00e9, de formations et d&#039;un r\u00e9seau pour faire rayonner votre savoir-faire artisanal tunisien.\" \/>\n<meta property=\"og:url\" content=\"https:\/\/gie.nefzawa.net\/fr\/service-incubation\/\" \/>\n<meta property=\"og:site_name\" content=\"gie\" \/>\n<meta property=\"article:publisher\" content=\"https:\/\/www.facebook.com\/Nefzaawa\/\" \/>\n<meta property=\"article:modified_time\" content=\"2024-12-18T08:39:46+00:00\" \/>\n<meta property=\"og:image\" content=\"https:\/\/gie.nefzawa.net\/wp-content\/uploads\/2024\/12\/baniere-gie.png\" \/>\n\t<meta property=\"og:image:width\" content=\"1936\" \/>\n\t<meta property=\"og:image:height\" content=\"432\" \/>\n\t<meta property=\"og:image:type\" content=\"image\/png\" \/>\n<meta name=\"twitter:card\" content=\"summary_large_image\" \/>\n<meta name=\"twitter:label1\" content=\"Dur\u00e9e de lecture estim\u00e9e\" \/>\n\t<meta name=\"twitter:data1\" content=\"2 minutes\" \/>\n<script type=\"application\/ld+json\" class=\"yoast-schema-graph\">{\"@context\":\"https:\/\/schema.org\",\"@graph\":[{\"@type\":\"WebPage\",\"@id\":\"https:\/\/gie.nefzawa.net\/service-incubation\/\",\"url\":\"https:\/\/gie.nefzawa.net\/service-incubation\/\",\"name\":\"Incubation - gie\",\"isPartOf\":{\"@id\":\"https:\/\/gie.nefzawa.net\/#website\"},\"primaryImageOfPage\":{\"@id\":\"https:\/\/gie.nefzawa.net\/service-incubation\/#primaryimage\"},\"image\":{\"@id\":\"https:\/\/gie.nefzawa.net\/service-incubation\/#primaryimage\"},\"thumbnailUrl\":\"https:\/\/gie.nefzawa.net\/wp-content\/uploads\/2024\/12\/baniere-gie.png\",\"datePublished\":\"2024-02-20T12:25:21+00:00\",\"dateModified\":\"2024-12-18T08:39:46+00:00\",\"description\":\"Vous \u00eates un artisan passionn\u00e9 et souhaitez d\u00e9velopper votre activit\u00e9 ? D\u00e9couvrez le programme d'incubation d'Inefzawa. B\u00e9n\u00e9ficiez d'un accompagnement personnalis\u00e9, de formations et d'un r\u00e9seau pour faire rayonner votre savoir-faire artisanal tunisien.\",\"breadcrumb\":{\"@id\":\"https:\/\/gie.nefzawa.net\/service-incubation\/#breadcrumb\"},\"inLanguage\":\"fr-FR\",\"potentialAction\":[{\"@type\":\"ReadAction\",\"target\":[\"https:\/\/gie.nefzawa.net\/service-incubation\/\"]}]},{\"@type\":\"ImageObject\",\"inLanguage\":\"fr-FR\",\"@id\":\"https:\/\/gie.nefzawa.net\/service-incubation\/#primaryimage\",\"url\":\"https:\/\/gie.nefzawa.net\/wp-content\/uploads\/2024\/12\/baniere-gie.png\",\"contentUrl\":\"https:\/\/gie.nefzawa.net\/wp-content\/uploads\/2024\/12\/baniere-gie.png\",\"width\":1936,\"height\":432},{\"@type\":\"BreadcrumbList\",\"@id\":\"https:\/\/gie.nefzawa.net\/service-incubation\/#breadcrumb\",\"itemListElement\":[{\"@type\":\"ListItem\",\"position\":1,\"name\":\"Home\",\"item\":\"https:\/\/gie.nefzawa.net\/\"},{\"@type\":\"ListItem\",\"position\":2,\"name\":\"Incubation\"}]},{\"@type\":\"WebSite\",\"@id\":\"https:\/\/gie.nefzawa.net\/#website\",\"url\":\"https:\/\/gie.nefzawa.net\/\",\"name\":\"inefzawa\",\"description\":\"Let&#039;s empower palm communities\",\"publisher\":{\"@id\":\"https:\/\/gie.nefzawa.net\/#organization\"},\"potentialAction\":[{\"@type\":\"SearchAction\",\"target\":{\"@type\":\"EntryPoint\",\"urlTemplate\":\"https:\/\/gie.nefzawa.net\/?s={search_term_string}\"},\"query-input\":{\"@type\":\"PropertyValueSpecification\",\"valueRequired\":true,\"valueName\":\"search_term_string\"}}],\"inLanguage\":\"fr-FR\"},{\"@type\":\"Organization\",\"@id\":\"https:\/\/gie.nefzawa.net\/#organization\",\"name\":\"inefzawa\",\"url\":\"https:\/\/gie.nefzawa.net\/\",\"logo\":{\"@type\":\"ImageObject\",\"inLanguage\":\"fr-FR\",\"@id\":\"https:\/\/gie.nefzawa.net\/#\/schema\/logo\/image\/\",\"url\":\"https:\/\/gie.nefzawa.net\/wp-content\/uploads\/2024\/02\/logo_inefzawa-final.png\",\"contentUrl\":\"https:\/\/gie.nefzawa.net\/wp-content\/uploads\/2024\/02\/logo_inefzawa-final.png\",\"width\":913,\"height\":182,\"caption\":\"inefzawa\"},\"image\":{\"@id\":\"https:\/\/gie.nefzawa.net\/#\/schema\/logo\/image\/\"},\"sameAs\":[\"https:\/\/www.facebook.com\/Nefzaawa\/\",\"https:\/\/www.instagram.com\/nefzawa_\/?igshid=YmMyMTA2M2Y\"]}]}<\/script>\n<!-- \/ Yoast SEO plugin. -->","yoast_head_json":{"title":"Incubation - gie","description":"Vous \u00eates un artisan passionn\u00e9 et souhaitez d\u00e9velopper votre activit\u00e9 ? D\u00e9couvrez le programme d'incubation d'Inefzawa. B\u00e9n\u00e9ficiez d'un accompagnement personnalis\u00e9, de formations et d'un r\u00e9seau pour faire rayonner votre savoir-faire artisanal tunisien.","robots":{"index":"index","follow":"follow","max-snippet":"max-snippet:-1","max-image-preview":"max-image-preview:large","max-video-preview":"max-video-preview:-1"},"canonical":"https:\/\/gie.nefzawa.net\/fr\/service-incubation\/","og_locale":"fr_FR","og_type":"article","og_title":"Incubation - gie","og_description":"Vous \u00eates un artisan passionn\u00e9 et souhaitez d\u00e9velopper votre activit\u00e9 ? D\u00e9couvrez le programme d'incubation d'Inefzawa. B\u00e9n\u00e9ficiez d'un accompagnement personnalis\u00e9, de formations et d'un r\u00e9seau pour faire rayonner votre savoir-faire artisanal tunisien.","og_url":"https:\/\/gie.nefzawa.net\/fr\/service-incubation\/","og_site_name":"gie","article_publisher":"https:\/\/www.facebook.com\/Nefzaawa\/","article_modified_time":"2024-12-18T08:39:46+00:00","og_image":[{"width":1936,"height":432,"url":"https:\/\/gie.nefzawa.net\/wp-content\/uploads\/2024\/12\/baniere-gie.png","type":"image\/png"}],"twitter_card":"summary_large_image","twitter_misc":{"Dur\u00e9e de lecture estim\u00e9e":"2 minutes"},"schema":{"@context":"https:\/\/schema.org","@graph":[{"@type":"WebPage","@id":"https:\/\/gie.nefzawa.net\/service-incubation\/","url":"https:\/\/gie.nefzawa.net\/service-incubation\/","name":"Incubation - gie","isPartOf":{"@id":"https:\/\/gie.nefzawa.net\/#website"},"primaryImageOfPage":{"@id":"https:\/\/gie.nefzawa.net\/service-incubation\/#primaryimage"},"image":{"@id":"https:\/\/gie.nefzawa.net\/service-incubation\/#primaryimage"},"thumbnailUrl":"https:\/\/gie.nefzawa.net\/wp-content\/uploads\/2024\/12\/baniere-gie.png","datePublished":"2024-02-20T12:25:21+00:00","dateModified":"2024-12-18T08:39:46+00:00","description":"Vous \u00eates un artisan passionn\u00e9 et souhaitez d\u00e9velopper votre activit\u00e9 ? D\u00e9couvrez le programme d'incubation d'Inefzawa. B\u00e9n\u00e9ficiez d'un accompagnement personnalis\u00e9, de formations et d'un r\u00e9seau pour faire rayonner votre savoir-faire artisanal tunisien.","breadcrumb":{"@id":"https:\/\/gie.nefzawa.net\/service-incubation\/#breadcrumb"},"inLanguage":"fr-FR","potentialAction":[{"@type":"ReadAction","target":["https:\/\/gie.nefzawa.net\/service-incubation\/"]}]},{"@type":"ImageObject","inLanguage":"fr-FR","@id":"https:\/\/gie.nefzawa.net\/service-incubation\/#primaryimage","url":"https:\/\/gie.nefzawa.net\/wp-content\/uploads\/2024\/12\/baniere-gie.png","contentUrl":"https:\/\/gie.nefzawa.net\/wp-content\/uploads\/2024\/12\/baniere-gie.png","width":1936,"height":432},{"@type":"BreadcrumbList","@id":"https:\/\/gie.nefzawa.net\/service-incubation\/#breadcrumb","itemListElement":[{"@type":"ListItem","position":1,"name":"Home","item":"https:\/\/gie.nefzawa.net\/"},{"@type":"ListItem","position":2,"name":"Incubation"}]},{"@type":"WebSite","@id":"https:\/\/gie.nefzawa.net\/#website","url":"https:\/\/gie.nefzawa.net\/","name":"inefzawa","description":"Let&#039;s empower palm communities","publisher":{"@id":"https:\/\/gie.nefzawa.net\/#organization"},"potentialAction":[{"@type":"SearchAction","target":{"@type":"EntryPoint","urlTemplate":"https:\/\/gie.nefzawa.net\/?s={search_term_string}"},"query-input":{"@type":"PropertyValueSpecification","valueRequired":true,"valueName":"search_term_string"}}],"inLanguage":"fr-FR"},{"@type":"Organization","@id":"https:\/\/gie.nefzawa.net\/#organization","name":"inefzawa","url":"https:\/\/gie.nefzawa.net\/","logo":{"@type":"ImageObject","inLanguage":"fr-FR","@id":"https:\/\/gie.nefzawa.net\/#\/schema\/logo\/image\/","url":"https:\/\/gie.nefzawa.net\/wp-content\/uploads\/2024\/02\/logo_inefzawa-final.png","contentUrl":"https:\/\/gie.nefzawa.net\/wp-content\/uploads\/2024\/02\/logo_inefzawa-final.png","width":913,"height":182,"caption":"inefzawa"},"image":{"@id":"https:\/\/gie.nefzawa.net\/#\/schema\/logo\/image\/"},"sameAs":["https:\/\/www.facebook.com\/Nefzaawa\/","https:\/\/www.instagram.com\/nefzawa_\/?igshid=YmMyMTA2M2Y"]}]}},"_links":{"self":[{"href":"https:\/\/gie.nefzawa.net\/fr\/wp-json\/wp\/v2\/pages\/9606","targetHints":{"allow":["GET"]}}],"collection":[{"href":"https:\/\/gie.nefzawa.net\/fr\/wp-json\/wp\/v2\/pages"}],"about":[{"href":"https:\/\/gie.nefzawa.net\/fr\/wp-json\/wp\/v2\/types\/page"}],"author":[{"embeddable":true,"href":"https:\/\/gie.nefzawa.net\/fr\/wp-json\/wp\/v2\/users\/1"}],"replies":[{"embeddable":true,"href":"https:\/\/gie.nefzawa.net\/fr\/wp-json\/wp\/v2\/comments?post=9606"}],"version-history":[{"count":8,"href":"https:\/\/gie.nefzawa.net\/fr\/wp-json\/wp\/v2\/pages\/9606\/revisions"}],"predecessor-version":[{"id":10003,"href":"https:\/\/gie.nefzawa.net\/fr\/wp-json\/wp\/v2\/pages\/9606\/revisions\/10003"}],"wp:featuredmedia":[{"embeddable":true,"href":"https:\/\/gie.nefzawa.net\/fr\/wp-json\/wp\/v2\/media\/10263"}],"wp:attachment":[{"href":"https:\/\/gie.nefzawa.net\/fr\/wp-json\/wp\/v2\/media?parent=9606"}],"curies":[{"name":"wp","href":"https:\/\/api.w.org\/{rel}","templated":true}]}}