{"id":9723,"date":"2024-02-25T18:10:50","date_gmt":"2024-02-25T18:10:50","guid":{"rendered":"https:\/\/gie.nefzawa.net\/?post_type=product&#038;p=9723"},"modified":"2024-03-20T14:55:01","modified_gmt":"2024-03-20T14:55:01","slug":"kosbi","status":"publish","type":"product","link":"https:\/\/gie.nefzawa.net\/fr\/produit\/kosbi\/","title":{"rendered":"Kosbi"},"content":{"rendered":"<ul data-sourcepos=\"5:1-9:0\">\n<li data-sourcepos=\"5:1-5:139\"><strong>Delectable sweetness:<\/strong> These <strong>premium dates<\/strong> offer a burst of natural sweetness, satisfying your cravings without artificial sugars.<\/li>\n<li data-sourcepos=\"6:1-6:119\"><strong>Nutrient powerhouse:<\/strong> Packed with <strong>fiber, potassium, and magnesium<\/strong>, they provide a healthy and delicious treat.<\/li>\n<li data-sourcepos=\"7:1-7:133\"><strong>Versatility redefined:<\/strong> Enjoy them <strong>fresh, dried, or incorporated<\/strong> into your favorite recipes, from desserts to savory dishes.<\/li>\n<li data-sourcepos=\"8:1-9:0\"><strong>Sustainable indulgence:<\/strong> Cultivated with care, these dates are a <strong>conscious choice<\/strong> for you and the environment.<\/li>\n<\/ul>","protected":false},"excerpt":{"rendered":"<p>These premium dates offer a burst of natural sweetness, satisfying your cravings without artificial sugars.<\/p>","protected":false},"featured_media":9725,"comment_status":"open","ping_status":"closed","template":"","meta":{"_acf_changed":false},"product_brand":[],"product_cat":[48],"product_tag":[],"class_list":{"0":"post-9723","1":"product","2":"type-product","3":"status-publish","4":"has-post-thumbnail","6":"product_cat-datte","8":"first","9":"instock","10":"shipping-taxable","11":"purchasable","12":"product-type-simple"},"acf":[],"yoast_head":"<!-- This site is optimized with the Yoast SEO plugin v25.8 - https:\/\/yoast.com\/wordpress\/plugins\/seo\/ -->\n<title>Kosbi - gie<\/title>\n<meta name=\"description\" content=\"D\u00e9couvrez Deglet Nour, la vari\u00e9t\u00e9 de dattes la plus appr\u00e9ci\u00e9e au monde. Nos dattes Deglet Nour, cultiv\u00e9es avec soin dans les oasis tunisiennes, offrent un go\u00fbt exquis, une texture moelleuse et des bienfaits incomparables pour votre sant\u00e9. Laissez-vous transporter par le tr\u00e9sor de la nature.\" \/>\n<meta name=\"robots\" content=\"index, follow, max-snippet:-1, max-image-preview:large, max-video-preview:-1\" \/>\n<link rel=\"canonical\" href=\"https:\/\/gie.nefzawa.net\/fr\/produit\/kosbi\/\" \/>\n<meta property=\"og:locale\" content=\"fr_FR\" \/>\n<meta property=\"og:type\" content=\"article\" \/>\n<meta property=\"og:title\" content=\"Kosbi - gie\" \/>\n<meta property=\"og:description\" content=\"D\u00e9couvrez Deglet Nour, la vari\u00e9t\u00e9 de dattes la plus appr\u00e9ci\u00e9e au monde. Nos dattes Deglet Nour, cultiv\u00e9es avec soin dans les oasis tunisiennes, offrent un go\u00fbt exquis, une texture moelleuse et des bienfaits incomparables pour votre sant\u00e9. Laissez-vous transporter par le tr\u00e9sor de la nature.\" \/>\n<meta property=\"og:url\" content=\"https:\/\/gie.nefzawa.net\/fr\/produit\/kosbi\/\" \/>\n<meta property=\"og:site_name\" content=\"gie\" \/>\n<meta property=\"article:publisher\" content=\"https:\/\/www.facebook.com\/Nefzaawa\/\" \/>\n<meta property=\"article:modified_time\" content=\"2024-03-20T14:55:01+00:00\" \/>\n<meta property=\"og:image\" content=\"https:\/\/gie.nefzawa.net\/wp-content\/uploads\/2024\/02\/Kosbi.png\" \/>\n\t<meta property=\"og:image:width\" content=\"717\" \/>\n\t<meta property=\"og:image:height\" content=\"412\" \/>\n\t<meta property=\"og:image:type\" content=\"image\/png\" \/>\n<meta name=\"twitter:card\" content=\"summary_large_image\" \/>\n<meta name=\"twitter:label1\" content=\"Dur\u00e9e de lecture estim\u00e9e\" \/>\n\t<meta name=\"twitter:data1\" content=\"1 minute\" \/>\n<script type=\"application\/ld+json\" class=\"yoast-schema-graph\">{\"@context\":\"https:\/\/schema.org\",\"@graph\":[{\"@type\":\"WebPage\",\"@id\":\"https:\/\/gie.nefzawa.net\/product\/kosbi\/\",\"url\":\"https:\/\/gie.nefzawa.net\/product\/kosbi\/\",\"name\":\"Kosbi - gie\",\"isPartOf\":{\"@id\":\"https:\/\/gie.nefzawa.net\/#website\"},\"primaryImageOfPage\":{\"@id\":\"https:\/\/gie.nefzawa.net\/product\/kosbi\/#primaryimage\"},\"image\":{\"@id\":\"https:\/\/gie.nefzawa.net\/product\/kosbi\/#primaryimage\"},\"thumbnailUrl\":\"https:\/\/gie.nefzawa.net\/wp-content\/uploads\/2024\/02\/Kosbi.png\",\"datePublished\":\"2024-02-25T18:10:50+00:00\",\"dateModified\":\"2024-03-20T14:55:01+00:00\",\"description\":\"D\u00e9couvrez Deglet Nour, la vari\u00e9t\u00e9 de dattes la plus appr\u00e9ci\u00e9e au monde. Nos dattes Deglet Nour, cultiv\u00e9es avec soin dans les oasis tunisiennes, offrent un go\u00fbt exquis, une texture moelleuse et des bienfaits incomparables pour votre sant\u00e9. Laissez-vous transporter par le tr\u00e9sor de la nature.\",\"breadcrumb\":{\"@id\":\"https:\/\/gie.nefzawa.net\/product\/kosbi\/#breadcrumb\"},\"inLanguage\":\"fr-FR\",\"potentialAction\":[{\"@type\":\"ReadAction\",\"target\":[\"https:\/\/gie.nefzawa.net\/product\/kosbi\/\"]}]},{\"@type\":\"ImageObject\",\"inLanguage\":\"fr-FR\",\"@id\":\"https:\/\/gie.nefzawa.net\/product\/kosbi\/#primaryimage\",\"url\":\"https:\/\/gie.nefzawa.net\/wp-content\/uploads\/2024\/02\/Kosbi.png\",\"contentUrl\":\"https:\/\/gie.nefzawa.net\/wp-content\/uploads\/2024\/02\/Kosbi.png\",\"width\":717,\"height\":412},{\"@type\":\"BreadcrumbList\",\"@id\":\"https:\/\/gie.nefzawa.net\/product\/kosbi\/#breadcrumb\",\"itemListElement\":[{\"@type\":\"ListItem\",\"position\":1,\"name\":\"Home\",\"item\":\"https:\/\/gie.nefzawa.net\/\"},{\"@type\":\"ListItem\",\"position\":2,\"name\":\"Shop\",\"item\":\"https:\/\/gie.nefzawa.net\/shop\/\"},{\"@type\":\"ListItem\",\"position\":3,\"name\":\"Kosbi\"}]},{\"@type\":\"WebSite\",\"@id\":\"https:\/\/gie.nefzawa.net\/#website\",\"url\":\"https:\/\/gie.nefzawa.net\/\",\"name\":\"inefzawa\",\"description\":\"Let&#039;s empower palm communities\",\"publisher\":{\"@id\":\"https:\/\/gie.nefzawa.net\/#organization\"},\"potentialAction\":[{\"@type\":\"SearchAction\",\"target\":{\"@type\":\"EntryPoint\",\"urlTemplate\":\"https:\/\/gie.nefzawa.net\/?s={search_term_string}\"},\"query-input\":{\"@type\":\"PropertyValueSpecification\",\"valueRequired\":true,\"valueName\":\"search_term_string\"}}],\"inLanguage\":\"fr-FR\"},{\"@type\":\"Organization\",\"@id\":\"https:\/\/gie.nefzawa.net\/#organization\",\"name\":\"inefzawa\",\"url\":\"https:\/\/gie.nefzawa.net\/\",\"logo\":{\"@type\":\"ImageObject\",\"inLanguage\":\"fr-FR\",\"@id\":\"https:\/\/gie.nefzawa.net\/#\/schema\/logo\/image\/\",\"url\":\"https:\/\/gie.nefzawa.net\/wp-content\/uploads\/2024\/02\/logo_inefzawa-final.png\",\"contentUrl\":\"https:\/\/gie.nefzawa.net\/wp-content\/uploads\/2024\/02\/logo_inefzawa-final.png\",\"width\":913,\"height\":182,\"caption\":\"inefzawa\"},\"image\":{\"@id\":\"https:\/\/gie.nefzawa.net\/#\/schema\/logo\/image\/\"},\"sameAs\":[\"https:\/\/www.facebook.com\/Nefzaawa\/\",\"https:\/\/www.instagram.com\/nefzawa_\/?igshid=YmMyMTA2M2Y\"]}]}<\/script>\n<!-- \/ Yoast SEO plugin. -->","yoast_head_json":{"title":"Kosbi - gie","description":"D\u00e9couvrez Deglet Nour, la vari\u00e9t\u00e9 de dattes la plus appr\u00e9ci\u00e9e au monde. Nos dattes Deglet Nour, cultiv\u00e9es avec soin dans les oasis tunisiennes, offrent un go\u00fbt exquis, une texture moelleuse et des bienfaits incomparables pour votre sant\u00e9. Laissez-vous transporter par le tr\u00e9sor de la nature.","robots":{"index":"index","follow":"follow","max-snippet":"max-snippet:-1","max-image-preview":"max-image-preview:large","max-video-preview":"max-video-preview:-1"},"canonical":"https:\/\/gie.nefzawa.net\/fr\/produit\/kosbi\/","og_locale":"fr_FR","og_type":"article","og_title":"Kosbi - gie","og_description":"D\u00e9couvrez Deglet Nour, la vari\u00e9t\u00e9 de dattes la plus appr\u00e9ci\u00e9e au monde. Nos dattes Deglet Nour, cultiv\u00e9es avec soin dans les oasis tunisiennes, offrent un go\u00fbt exquis, une texture moelleuse et des bienfaits incomparables pour votre sant\u00e9. Laissez-vous transporter par le tr\u00e9sor de la nature.","og_url":"https:\/\/gie.nefzawa.net\/fr\/produit\/kosbi\/","og_site_name":"gie","article_publisher":"https:\/\/www.facebook.com\/Nefzaawa\/","article_modified_time":"2024-03-20T14:55:01+00:00","og_image":[{"width":717,"height":412,"url":"https:\/\/gie.nefzawa.net\/wp-content\/uploads\/2024\/02\/Kosbi.png","type":"image\/png"}],"twitter_card":"summary_large_image","twitter_misc":{"Dur\u00e9e de lecture estim\u00e9e":"1 minute"},"schema":{"@context":"https:\/\/schema.org","@graph":[{"@type":"WebPage","@id":"https:\/\/gie.nefzawa.net\/product\/kosbi\/","url":"https:\/\/gie.nefzawa.net\/product\/kosbi\/","name":"Kosbi - gie","isPartOf":{"@id":"https:\/\/gie.nefzawa.net\/#website"},"primaryImageOfPage":{"@id":"https:\/\/gie.nefzawa.net\/product\/kosbi\/#primaryimage"},"image":{"@id":"https:\/\/gie.nefzawa.net\/product\/kosbi\/#primaryimage"},"thumbnailUrl":"https:\/\/gie.nefzawa.net\/wp-content\/uploads\/2024\/02\/Kosbi.png","datePublished":"2024-02-25T18:10:50+00:00","dateModified":"2024-03-20T14:55:01+00:00","description":"D\u00e9couvrez Deglet Nour, la vari\u00e9t\u00e9 de dattes la plus appr\u00e9ci\u00e9e au monde. Nos dattes Deglet Nour, cultiv\u00e9es avec soin dans les oasis tunisiennes, offrent un go\u00fbt exquis, une texture moelleuse et des bienfaits incomparables pour votre sant\u00e9. Laissez-vous transporter par le tr\u00e9sor de la nature.","breadcrumb":{"@id":"https:\/\/gie.nefzawa.net\/product\/kosbi\/#breadcrumb"},"inLanguage":"fr-FR","potentialAction":[{"@type":"ReadAction","target":["https:\/\/gie.nefzawa.net\/product\/kosbi\/"]}]},{"@type":"ImageObject","inLanguage":"fr-FR","@id":"https:\/\/gie.nefzawa.net\/product\/kosbi\/#primaryimage","url":"https:\/\/gie.nefzawa.net\/wp-content\/uploads\/2024\/02\/Kosbi.png","contentUrl":"https:\/\/gie.nefzawa.net\/wp-content\/uploads\/2024\/02\/Kosbi.png","width":717,"height":412},{"@type":"BreadcrumbList","@id":"https:\/\/gie.nefzawa.net\/product\/kosbi\/#breadcrumb","itemListElement":[{"@type":"ListItem","position":1,"name":"Home","item":"https:\/\/gie.nefzawa.net\/"},{"@type":"ListItem","position":2,"name":"Shop","item":"https:\/\/gie.nefzawa.net\/shop\/"},{"@type":"ListItem","position":3,"name":"Kosbi"}]},{"@type":"WebSite","@id":"https:\/\/gie.nefzawa.net\/#website","url":"https:\/\/gie.nefzawa.net\/","name":"inefzawa","description":"Let&#039;s empower palm communities","publisher":{"@id":"https:\/\/gie.nefzawa.net\/#organization"},"potentialAction":[{"@type":"SearchAction","target":{"@type":"EntryPoint","urlTemplate":"https:\/\/gie.nefzawa.net\/?s={search_term_string}"},"query-input":{"@type":"PropertyValueSpecification","valueRequired":true,"valueName":"search_term_string"}}],"inLanguage":"fr-FR"},{"@type":"Organization","@id":"https:\/\/gie.nefzawa.net\/#organization","name":"inefzawa","url":"https:\/\/gie.nefzawa.net\/","logo":{"@type":"ImageObject","inLanguage":"fr-FR","@id":"https:\/\/gie.nefzawa.net\/#\/schema\/logo\/image\/","url":"https:\/\/gie.nefzawa.net\/wp-content\/uploads\/2024\/02\/logo_inefzawa-final.png","contentUrl":"https:\/\/gie.nefzawa.net\/wp-content\/uploads\/2024\/02\/logo_inefzawa-final.png","width":913,"height":182,"caption":"inefzawa"},"image":{"@id":"https:\/\/gie.nefzawa.net\/#\/schema\/logo\/image\/"},"sameAs":["https:\/\/www.facebook.com\/Nefzaawa\/","https:\/\/www.instagram.com\/nefzawa_\/?igshid=YmMyMTA2M2Y"]}]}},"_links":{"self":[{"href":"https:\/\/gie.nefzawa.net\/fr\/wp-json\/wp\/v2\/product\/9723","targetHints":{"allow":["GET"]}}],"collection":[{"href":"https:\/\/gie.nefzawa.net\/fr\/wp-json\/wp\/v2\/product"}],"about":[{"href":"https:\/\/gie.nefzawa.net\/fr\/wp-json\/wp\/v2\/types\/product"}],"replies":[{"embeddable":true,"href":"https:\/\/gie.nefzawa.net\/fr\/wp-json\/wp\/v2\/comments?post=9723"}],"wp:featuredmedia":[{"embeddable":true,"href":"https:\/\/gie.nefzawa.net\/fr\/wp-json\/wp\/v2\/media\/9725"}],"wp:attachment":[{"href":"https:\/\/gie.nefzawa.net\/fr\/wp-json\/wp\/v2\/media?parent=9723"}],"wp:term":[{"taxonomy":"product_brand","embeddable":true,"href":"https:\/\/gie.nefzawa.net\/fr\/wp-json\/wp\/v2\/product_brand?post=9723"},{"taxonomy":"product_cat","embeddable":true,"href":"https:\/\/gie.nefzawa.net\/fr\/wp-json\/wp\/v2\/product_cat?post=9723"},{"taxonomy":"product_tag","embeddable":true,"href":"https:\/\/gie.nefzawa.net\/fr\/wp-json\/wp\/v2\/product_tag?post=9723"}],"curies":[{"name":"wp","href":"https:\/\/api.w.org\/{rel}","templated":true}]}}