{"id":9732,"date":"2024-02-25T18:33:46","date_gmt":"2024-02-25T18:33:46","guid":{"rendered":"https:\/\/gie.nefzawa.net\/?post_type=product&#038;p=9732"},"modified":"2024-03-20T14:54:15","modified_gmt":"2024-03-20T14:54:15","slug":"lebsa-traditional","status":"publish","type":"product","link":"https:\/\/gie.nefzawa.net\/fr\/produit\/lebsa-traditional\/","title":{"rendered":"Lebsa Traditional"},"content":{"rendered":"","protected":false},"excerpt":{"rendered":"","protected":false},"featured_media":9730,"comment_status":"open","ping_status":"closed","template":"","meta":{"_acf_changed":false},"product_brand":[],"product_cat":[15],"product_tag":[],"class_list":{"0":"post-9732","1":"product","2":"type-product","3":"status-publish","4":"has-post-thumbnail","6":"product_cat-uncategorized","8":"first","9":"instock","10":"shipping-taxable","11":"purchasable","12":"product-type-simple"},"acf":[],"yoast_head":"<!-- This site is optimized with the Yoast SEO plugin v25.8 - https:\/\/yoast.com\/wordpress\/plugins\/seo\/ -->\n<title>Lebsa Traditional - gie<\/title>\n<meta name=\"description\" content=\"Voyagez au c\u0153ur de la tradition tunisienne avec Lebsa Traditional. D\u00e9couvrez une collection raffin\u00e9e de v\u00eatements traditionnels tunisiens confectionn\u00e9s avec savoir-faire et passion. Laissez-vous s\u00e9duire par l&#039;\u00e9l\u00e9gance et l&#039;authenticit\u00e9 de ces pi\u00e8ces uniques qui sublimeront votre style.\" \/>\n<meta name=\"robots\" content=\"index, follow, max-snippet:-1, max-image-preview:large, max-video-preview:-1\" \/>\n<link rel=\"canonical\" href=\"https:\/\/gie.nefzawa.net\/fr\/produit\/lebsa-traditional\/\" \/>\n<meta property=\"og:locale\" content=\"fr_FR\" \/>\n<meta property=\"og:type\" content=\"article\" \/>\n<meta property=\"og:title\" content=\"Lebsa Traditional - gie\" \/>\n<meta property=\"og:description\" content=\"Voyagez au c\u0153ur de la tradition tunisienne avec Lebsa Traditional. D\u00e9couvrez une collection raffin\u00e9e de v\u00eatements traditionnels tunisiens confectionn\u00e9s avec savoir-faire et passion. Laissez-vous s\u00e9duire par l&#039;\u00e9l\u00e9gance et l&#039;authenticit\u00e9 de ces pi\u00e8ces uniques qui sublimeront votre style.\" \/>\n<meta property=\"og:url\" content=\"https:\/\/gie.nefzawa.net\/fr\/produit\/lebsa-traditional\/\" \/>\n<meta property=\"og:site_name\" content=\"gie\" \/>\n<meta property=\"article:publisher\" content=\"https:\/\/www.facebook.com\/Nefzaawa\/\" \/>\n<meta property=\"article:modified_time\" content=\"2024-03-20T14:54:15+00:00\" \/>\n<meta property=\"og:image\" content=\"https:\/\/gie.nefzawa.net\/wp-content\/uploads\/2024\/02\/Lebsa-Traditional.png\" \/>\n\t<meta property=\"og:image:width\" content=\"691\" \/>\n\t<meta property=\"og:image:height\" content=\"502\" \/>\n\t<meta property=\"og:image:type\" content=\"image\/png\" \/>\n<meta name=\"twitter:card\" content=\"summary_large_image\" \/>\n<meta name=\"twitter:label1\" content=\"Dur\u00e9e de lecture estim\u00e9e\" \/>\n\t<meta name=\"twitter:data1\" content=\"1 minute\" \/>\n<script type=\"application\/ld+json\" class=\"yoast-schema-graph\">{\"@context\":\"https:\/\/schema.org\",\"@graph\":[{\"@type\":\"WebPage\",\"@id\":\"https:\/\/gie.nefzawa.net\/product\/lebsa-traditional\/\",\"url\":\"https:\/\/gie.nefzawa.net\/product\/lebsa-traditional\/\",\"name\":\"Lebsa Traditional - gie\",\"isPartOf\":{\"@id\":\"https:\/\/gie.nefzawa.net\/#website\"},\"primaryImageOfPage\":{\"@id\":\"https:\/\/gie.nefzawa.net\/product\/lebsa-traditional\/#primaryimage\"},\"image\":{\"@id\":\"https:\/\/gie.nefzawa.net\/product\/lebsa-traditional\/#primaryimage\"},\"thumbnailUrl\":\"https:\/\/gie.nefzawa.net\/wp-content\/uploads\/2024\/02\/Lebsa-Traditional.png\",\"datePublished\":\"2024-02-25T18:33:46+00:00\",\"dateModified\":\"2024-03-20T14:54:15+00:00\",\"description\":\"Voyagez au c\u0153ur de la tradition tunisienne avec Lebsa Traditional. D\u00e9couvrez une collection raffin\u00e9e de v\u00eatements traditionnels tunisiens confectionn\u00e9s avec savoir-faire et passion. Laissez-vous s\u00e9duire par l'\u00e9l\u00e9gance et l'authenticit\u00e9 de ces pi\u00e8ces uniques qui sublimeront votre style.\",\"breadcrumb\":{\"@id\":\"https:\/\/gie.nefzawa.net\/product\/lebsa-traditional\/#breadcrumb\"},\"inLanguage\":\"fr-FR\",\"potentialAction\":[{\"@type\":\"ReadAction\",\"target\":[\"https:\/\/gie.nefzawa.net\/product\/lebsa-traditional\/\"]}]},{\"@type\":\"ImageObject\",\"inLanguage\":\"fr-FR\",\"@id\":\"https:\/\/gie.nefzawa.net\/product\/lebsa-traditional\/#primaryimage\",\"url\":\"https:\/\/gie.nefzawa.net\/wp-content\/uploads\/2024\/02\/Lebsa-Traditional.png\",\"contentUrl\":\"https:\/\/gie.nefzawa.net\/wp-content\/uploads\/2024\/02\/Lebsa-Traditional.png\",\"width\":691,\"height\":502},{\"@type\":\"BreadcrumbList\",\"@id\":\"https:\/\/gie.nefzawa.net\/product\/lebsa-traditional\/#breadcrumb\",\"itemListElement\":[{\"@type\":\"ListItem\",\"position\":1,\"name\":\"Home\",\"item\":\"https:\/\/gie.nefzawa.net\/\"},{\"@type\":\"ListItem\",\"position\":2,\"name\":\"Shop\",\"item\":\"https:\/\/gie.nefzawa.net\/shop\/\"},{\"@type\":\"ListItem\",\"position\":3,\"name\":\"Lebsa Traditional\"}]},{\"@type\":\"WebSite\",\"@id\":\"https:\/\/gie.nefzawa.net\/#website\",\"url\":\"https:\/\/gie.nefzawa.net\/\",\"name\":\"inefzawa\",\"description\":\"Let&#039;s empower palm communities\",\"publisher\":{\"@id\":\"https:\/\/gie.nefzawa.net\/#organization\"},\"potentialAction\":[{\"@type\":\"SearchAction\",\"target\":{\"@type\":\"EntryPoint\",\"urlTemplate\":\"https:\/\/gie.nefzawa.net\/?s={search_term_string}\"},\"query-input\":{\"@type\":\"PropertyValueSpecification\",\"valueRequired\":true,\"valueName\":\"search_term_string\"}}],\"inLanguage\":\"fr-FR\"},{\"@type\":\"Organization\",\"@id\":\"https:\/\/gie.nefzawa.net\/#organization\",\"name\":\"inefzawa\",\"url\":\"https:\/\/gie.nefzawa.net\/\",\"logo\":{\"@type\":\"ImageObject\",\"inLanguage\":\"fr-FR\",\"@id\":\"https:\/\/gie.nefzawa.net\/#\/schema\/logo\/image\/\",\"url\":\"https:\/\/gie.nefzawa.net\/wp-content\/uploads\/2024\/02\/logo_inefzawa-final.png\",\"contentUrl\":\"https:\/\/gie.nefzawa.net\/wp-content\/uploads\/2024\/02\/logo_inefzawa-final.png\",\"width\":913,\"height\":182,\"caption\":\"inefzawa\"},\"image\":{\"@id\":\"https:\/\/gie.nefzawa.net\/#\/schema\/logo\/image\/\"},\"sameAs\":[\"https:\/\/www.facebook.com\/Nefzaawa\/\",\"https:\/\/www.instagram.com\/nefzawa_\/?igshid=YmMyMTA2M2Y\"]}]}<\/script>\n<!-- \/ Yoast SEO plugin. -->","yoast_head_json":{"title":"Lebsa Traditional - gie","description":"Voyagez au c\u0153ur de la tradition tunisienne avec Lebsa Traditional. D\u00e9couvrez une collection raffin\u00e9e de v\u00eatements traditionnels tunisiens confectionn\u00e9s avec savoir-faire et passion. Laissez-vous s\u00e9duire par l'\u00e9l\u00e9gance et l'authenticit\u00e9 de ces pi\u00e8ces uniques qui sublimeront votre style.","robots":{"index":"index","follow":"follow","max-snippet":"max-snippet:-1","max-image-preview":"max-image-preview:large","max-video-preview":"max-video-preview:-1"},"canonical":"https:\/\/gie.nefzawa.net\/fr\/produit\/lebsa-traditional\/","og_locale":"fr_FR","og_type":"article","og_title":"Lebsa Traditional - gie","og_description":"Voyagez au c\u0153ur de la tradition tunisienne avec Lebsa Traditional. D\u00e9couvrez une collection raffin\u00e9e de v\u00eatements traditionnels tunisiens confectionn\u00e9s avec savoir-faire et passion. Laissez-vous s\u00e9duire par l'\u00e9l\u00e9gance et l'authenticit\u00e9 de ces pi\u00e8ces uniques qui sublimeront votre style.","og_url":"https:\/\/gie.nefzawa.net\/fr\/produit\/lebsa-traditional\/","og_site_name":"gie","article_publisher":"https:\/\/www.facebook.com\/Nefzaawa\/","article_modified_time":"2024-03-20T14:54:15+00:00","og_image":[{"width":691,"height":502,"url":"https:\/\/gie.nefzawa.net\/wp-content\/uploads\/2024\/02\/Lebsa-Traditional.png","type":"image\/png"}],"twitter_card":"summary_large_image","twitter_misc":{"Dur\u00e9e de lecture estim\u00e9e":"1 minute"},"schema":{"@context":"https:\/\/schema.org","@graph":[{"@type":"WebPage","@id":"https:\/\/gie.nefzawa.net\/product\/lebsa-traditional\/","url":"https:\/\/gie.nefzawa.net\/product\/lebsa-traditional\/","name":"Lebsa Traditional - gie","isPartOf":{"@id":"https:\/\/gie.nefzawa.net\/#website"},"primaryImageOfPage":{"@id":"https:\/\/gie.nefzawa.net\/product\/lebsa-traditional\/#primaryimage"},"image":{"@id":"https:\/\/gie.nefzawa.net\/product\/lebsa-traditional\/#primaryimage"},"thumbnailUrl":"https:\/\/gie.nefzawa.net\/wp-content\/uploads\/2024\/02\/Lebsa-Traditional.png","datePublished":"2024-02-25T18:33:46+00:00","dateModified":"2024-03-20T14:54:15+00:00","description":"Voyagez au c\u0153ur de la tradition tunisienne avec Lebsa Traditional. D\u00e9couvrez une collection raffin\u00e9e de v\u00eatements traditionnels tunisiens confectionn\u00e9s avec savoir-faire et passion. Laissez-vous s\u00e9duire par l'\u00e9l\u00e9gance et l'authenticit\u00e9 de ces pi\u00e8ces uniques qui sublimeront votre style.","breadcrumb":{"@id":"https:\/\/gie.nefzawa.net\/product\/lebsa-traditional\/#breadcrumb"},"inLanguage":"fr-FR","potentialAction":[{"@type":"ReadAction","target":["https:\/\/gie.nefzawa.net\/product\/lebsa-traditional\/"]}]},{"@type":"ImageObject","inLanguage":"fr-FR","@id":"https:\/\/gie.nefzawa.net\/product\/lebsa-traditional\/#primaryimage","url":"https:\/\/gie.nefzawa.net\/wp-content\/uploads\/2024\/02\/Lebsa-Traditional.png","contentUrl":"https:\/\/gie.nefzawa.net\/wp-content\/uploads\/2024\/02\/Lebsa-Traditional.png","width":691,"height":502},{"@type":"BreadcrumbList","@id":"https:\/\/gie.nefzawa.net\/product\/lebsa-traditional\/#breadcrumb","itemListElement":[{"@type":"ListItem","position":1,"name":"Home","item":"https:\/\/gie.nefzawa.net\/"},{"@type":"ListItem","position":2,"name":"Shop","item":"https:\/\/gie.nefzawa.net\/shop\/"},{"@type":"ListItem","position":3,"name":"Lebsa Traditional"}]},{"@type":"WebSite","@id":"https:\/\/gie.nefzawa.net\/#website","url":"https:\/\/gie.nefzawa.net\/","name":"inefzawa","description":"Let&#039;s empower palm communities","publisher":{"@id":"https:\/\/gie.nefzawa.net\/#organization"},"potentialAction":[{"@type":"SearchAction","target":{"@type":"EntryPoint","urlTemplate":"https:\/\/gie.nefzawa.net\/?s={search_term_string}"},"query-input":{"@type":"PropertyValueSpecification","valueRequired":true,"valueName":"search_term_string"}}],"inLanguage":"fr-FR"},{"@type":"Organization","@id":"https:\/\/gie.nefzawa.net\/#organization","name":"inefzawa","url":"https:\/\/gie.nefzawa.net\/","logo":{"@type":"ImageObject","inLanguage":"fr-FR","@id":"https:\/\/gie.nefzawa.net\/#\/schema\/logo\/image\/","url":"https:\/\/gie.nefzawa.net\/wp-content\/uploads\/2024\/02\/logo_inefzawa-final.png","contentUrl":"https:\/\/gie.nefzawa.net\/wp-content\/uploads\/2024\/02\/logo_inefzawa-final.png","width":913,"height":182,"caption":"inefzawa"},"image":{"@id":"https:\/\/gie.nefzawa.net\/#\/schema\/logo\/image\/"},"sameAs":["https:\/\/www.facebook.com\/Nefzaawa\/","https:\/\/www.instagram.com\/nefzawa_\/?igshid=YmMyMTA2M2Y"]}]}},"_links":{"self":[{"href":"https:\/\/gie.nefzawa.net\/fr\/wp-json\/wp\/v2\/product\/9732","targetHints":{"allow":["GET"]}}],"collection":[{"href":"https:\/\/gie.nefzawa.net\/fr\/wp-json\/wp\/v2\/product"}],"about":[{"href":"https:\/\/gie.nefzawa.net\/fr\/wp-json\/wp\/v2\/types\/product"}],"replies":[{"embeddable":true,"href":"https:\/\/gie.nefzawa.net\/fr\/wp-json\/wp\/v2\/comments?post=9732"}],"wp:featuredmedia":[{"embeddable":true,"href":"https:\/\/gie.nefzawa.net\/fr\/wp-json\/wp\/v2\/media\/9730"}],"wp:attachment":[{"href":"https:\/\/gie.nefzawa.net\/fr\/wp-json\/wp\/v2\/media?parent=9732"}],"wp:term":[{"taxonomy":"product_brand","embeddable":true,"href":"https:\/\/gie.nefzawa.net\/fr\/wp-json\/wp\/v2\/product_brand?post=9732"},{"taxonomy":"product_cat","embeddable":true,"href":"https:\/\/gie.nefzawa.net\/fr\/wp-json\/wp\/v2\/product_cat?post=9732"},{"taxonomy":"product_tag","embeddable":true,"href":"https:\/\/gie.nefzawa.net\/fr\/wp-json\/wp\/v2\/product_tag?post=9732"}],"curies":[{"name":"wp","href":"https:\/\/api.w.org\/{rel}","templated":true}]}}